{"id":75,"date":"2025-02-10T09:39:34","date_gmt":"2025-02-10T08:39:34","guid":{"rendered":"https:\/\/ilcavallobianco.com\/new\/?page_id=75"},"modified":"2025-06-10T12:18:04","modified_gmt":"2025-06-10T10:18:04","slug":"ristorante-pizzeria","status":"publish","type":"page","link":"https:\/\/ilcavallobianco.com\/new\/ristorante-pizzeria\/","title":{"rendered":"Ristorante e Pizzeria"},"content":{"rendered":"<p style=\"width: 450px;\"><a href=\"https:\/\/ilcavallobianco.com\/new\/images\/2025\/02\/sala1_d.jpg\" rel=\"lightbox[75]\"><img decoding=\"async\" class=\" alignleft\" src=\"https:\/\/ilcavallobianco.com\/new\/images\/2025\/02\/sala1_d.jpg\" alt=\"Cavallo Bianco, Dronero\" width=\"150\" height=\"250\" \/><\/a><a href=\"https:\/\/ilcavallobianco.com\/new\/images\/2025\/02\/sala2_e.jpg\" rel=\"lightbox[75]\"><img decoding=\"async\" class=\"alignleft\" src=\"https:\/\/ilcavallobianco.com\/new\/images\/2025\/02\/sala2_e.jpg\" alt=\"Cavallo Bianco, Dronero\" width=\"150\" height=\"150\" \/><\/a><\/p>\n<p style=\"width: 450px;\"><a href=\"https:\/\/ilcavallobianco.com\/new\/images\/2025\/02\/sala3_a.jpg\" rel=\"lightbox[75]\"><img decoding=\"async\" class=\"alignleft wp-image-106\" src=\"https:\/\/ilcavallobianco.com\/new\/images\/2025\/02\/sala3_a.jpg\" alt=\"Cavallo Bianco, Dronero\" width=\"150\" height=\"250\" \/><\/a><a href=\"https:\/\/ilcavallobianco.com\/new\/images\/2025\/02\/dehors.jpg\" rel=\"lightbox[75]\"><img loading=\"lazy\" decoding=\"async\" class=\"alignleft wp-image-134\" src=\"https:\/\/ilcavallobianco.com\/new\/images\/2025\/02\/dehors.jpg\" alt=\"Cavallo Bianco, Dronero\" width=\"150\" height=\"250\" \/><\/a><\/p>\n<p>Le nostre quattro sale, disposte su due piani, possono ospitare complessivamente circa 200 coperti, mentre il dehor estivo ne pu\u00f2 accogliere 100.<\/p>\n<p>La cucina tipica piemontese \u00e8 la nostra specialit\u00e0, ma proponiamo anche piatti a base di pesce.<br \/>\nI Clienti dicono di apprezzare molto i nostri Gnocchi e Risotto al Castelmagno (formaggio D.O.P. della vicina ValGrana), Cervo con polentine, Risotto ai funghi e crema di tartufi, Bunet, Pesche ripiene ed anche i dolci della casa e la pasticceria, che prepariamo su richiesta, riscuotono sempre molto successo.<\/p>\n<p>Su prenotazione serviamo anche il fritto misto, per un minimo di dieci persone.<br \/>\nDisponiamo anche di un&#8217;ampia gamma di vini regionali per accompagnare degnamente le nostre portate.<\/p>\n<div style=\"padding: 10px; border: dotted 2px #CCC;\"><strong>MENU TURISTICO<br \/>\n<\/strong> Tris di antipasti \u2022 Un primo a scelta \u2022 Un secondo a scelta tra quelli proposti dalla cucina \u2022 Dolce<br \/>\n<strong>\u20ac 20,00<\/strong> (bevande escluse)<\/div>\n<div style=\"padding: 10px; border: dotted 2px #CCC;\"><strong>MENU DEGUSTAZIONE<br \/>\n<\/strong>Bis antipasti freddi + bis antipasti caldi \u2022 Due primi \u2022 Un secondo con contorno \u2022 Bis di dolci<br \/>\n<strong>\u20ac 40,00<\/strong> (bevande escluse)<\/div>\n<p><strong>N.B. &#8211; I piatti del Menu Turistico e del Menu Degustazione sono a discrezione della cucina.<\/strong><\/p>\n<p><img loading=\"lazy\" decoding=\"async\" class=\"alignleft wp-image-76\" style=\"border: 0px none;\" src=\"https:\/\/ilcavallobianco.com\/new\/images\/2025\/02\/menu.png\" alt=\"Cavallo Bianco, Dronero\" width=\"153\" height=\"221\" \/><\/p>\n<p><span style=\"padding: 10px; border: dotted 2px #CCC;\"><strong>MENU ALLA CARTA<\/strong><\/span><\/p>\n<p>Scegliete tra una ricca lista di piatti nazionali, ma soprattutto lasciatevi tentare dalle ricette tipiche del territorio.<\/p>\n<p><span style=\"padding: 10px; border: dotted 2px #CCC;\"><strong>PIZZE<\/strong> <\/span><\/p>\n<p>Per la cena, sforniamo una quarantina di tipi diversi di pizza, anche da asporto.<\/p>\n","protected":false},"excerpt":{"rendered":"<p>Le nostre quattro sale, disposte su due piani, possono ospitare complessivamente circa 200 coperti, mentre il dehor estivo ne pu\u00f2 accogliere 100. La cucina tipica piemontese \u00e8 la nostra specialit\u00e0, ma proponiamo anche piatti a base di pesce. I Clienti dicono di apprezzare molto i nostri Gnocchi e Risotto al Castelmagno (formaggio D.O.P. della vicina&hellip;&nbsp;<a href=\"https:\/\/ilcavallobianco.com\/new\/ristorante-pizzeria\/\" rel=\"bookmark\">Leggi tutto &raquo;<span class=\"screen-reader-text\">Ristorante e Pizzeria<\/span><\/a><\/p>\n","protected":false},"author":1,"featured_media":0,"parent":0,"menu_order":0,"comment_status":"closed","ping_status":"closed","template":"","meta":{"neve_meta_sidebar":"","neve_meta_container":"","neve_meta_enable_content_width":"","neve_meta_content_width":0,"neve_meta_title_alignment":"","neve_meta_author_avatar":"","neve_post_elements_order":"","neve_meta_disable_header":"","neve_meta_disable_footer":"","neve_meta_disable_title":"","footnotes":""},"class_list":["post-75","page","type-page","status-publish","hentry"],"yoast_head":"<!-- This site is optimized with the Yoast SEO plugin v27.4 - https:\/\/yoast.com\/product\/yoast-seo-wordpress\/ -->\n<title>Ristorante e Pizzeria - Cavallo Bianco Dronero (CN)<\/title>\n<meta name=\"description\" content=\"Quattro sale su due piani e dehors estivo. La cucina tipica piemontese \u00e8 la nostra specialit\u00e0, ma proponiamo anche piatti a base di pesce. Fritto misto su prenotazione (minimo 10 persone)\" \/>\n<meta name=\"robots\" content=\"index, follow, max-snippet:-1, max-image-preview:large, max-video-preview:-1\" \/>\n<link rel=\"canonical\" href=\"https:\/\/ilcavallobianco.com\/new\/ristorante-pizzeria\/\" \/>\n<meta property=\"og:locale\" content=\"it_IT\" \/>\n<meta property=\"og:type\" content=\"article\" \/>\n<meta property=\"og:title\" content=\"Ristorante e Pizzeria - Cavallo Bianco Dronero (CN)\" \/>\n<meta property=\"og:description\" content=\"Quattro sale su due piani e dehors estivo. La cucina tipica piemontese \u00e8 la nostra specialit\u00e0, ma proponiamo anche piatti a base di pesce. Fritto misto su prenotazione (minimo 10 persone)\" \/>\n<meta property=\"og:url\" content=\"https:\/\/ilcavallobianco.com\/new\/ristorante-pizzeria\/\" \/>\n<meta property=\"og:site_name\" content=\"Cavallo Bianco Dronero (CN)\" \/>\n<meta property=\"article:publisher\" content=\"https:\/\/www.facebook.com\/pages\/Ristorante-Cavallo-Bianco-Di-Dronero\/131518253600511\" \/>\n<meta property=\"article:modified_time\" content=\"2025-06-10T10:18:04+00:00\" \/>\n<meta property=\"og:image\" content=\"https:\/\/ilcavallobianco.com\/new\/images\/2025\/02\/sala1_d.jpg\" \/>\n<meta name=\"twitter:card\" content=\"summary_large_image\" \/>\n<meta name=\"twitter:label1\" content=\"Tempo di lettura stimato\" \/>\n\t<meta name=\"twitter:data1\" content=\"3 minuti\" \/>\n<script type=\"application\/ld+json\" class=\"yoast-schema-graph\">{\"@context\":\"https:\\\/\\\/schema.org\",\"@graph\":[{\"@type\":\"WebPage\",\"@id\":\"https:\\\/\\\/ilcavallobianco.com\\\/new\\\/ristorante-pizzeria\\\/\",\"url\":\"https:\\\/\\\/ilcavallobianco.com\\\/new\\\/ristorante-pizzeria\\\/\",\"name\":\"Ristorante e Pizzeria - Cavallo Bianco Dronero (CN)\",\"isPartOf\":{\"@id\":\"https:\\\/\\\/ilcavallobianco.com\\\/new\\\/#website\"},\"primaryImageOfPage\":{\"@id\":\"https:\\\/\\\/ilcavallobianco.com\\\/new\\\/ristorante-pizzeria\\\/#primaryimage\"},\"image\":{\"@id\":\"https:\\\/\\\/ilcavallobianco.com\\\/new\\\/ristorante-pizzeria\\\/#primaryimage\"},\"thumbnailUrl\":\"https:\\\/\\\/ilcavallobianco.com\\\/new\\\/images\\\/2025\\\/02\\\/sala1_d.jpg\",\"datePublished\":\"2025-02-10T08:39:34+00:00\",\"dateModified\":\"2025-06-10T10:18:04+00:00\",\"description\":\"Quattro sale su due piani e dehors estivo. La cucina tipica piemontese \u00e8 la nostra specialit\u00e0, ma proponiamo anche piatti a base di pesce. Fritto misto su prenotazione (minimo 10 persone)\",\"breadcrumb\":{\"@id\":\"https:\\\/\\\/ilcavallobianco.com\\\/new\\\/ristorante-pizzeria\\\/#breadcrumb\"},\"inLanguage\":\"it-IT\",\"potentialAction\":[{\"@type\":\"ReadAction\",\"target\":[\"https:\\\/\\\/ilcavallobianco.com\\\/new\\\/ristorante-pizzeria\\\/\"]}]},{\"@type\":\"ImageObject\",\"inLanguage\":\"it-IT\",\"@id\":\"https:\\\/\\\/ilcavallobianco.com\\\/new\\\/ristorante-pizzeria\\\/#primaryimage\",\"url\":\"https:\\\/\\\/ilcavallobianco.com\\\/new\\\/images\\\/2025\\\/02\\\/sala1_d.jpg\",\"contentUrl\":\"https:\\\/\\\/ilcavallobianco.com\\\/new\\\/images\\\/2025\\\/02\\\/sala1_d.jpg\"},{\"@type\":\"BreadcrumbList\",\"@id\":\"https:\\\/\\\/ilcavallobianco.com\\\/new\\\/ristorante-pizzeria\\\/#breadcrumb\",\"itemListElement\":[{\"@type\":\"ListItem\",\"position\":1,\"name\":\"Home\",\"item\":\"https:\\\/\\\/ilcavallobianco.com\\\/new\\\/\"},{\"@type\":\"ListItem\",\"position\":2,\"name\":\"Ristorante e Pizzeria\"}]},{\"@type\":\"WebSite\",\"@id\":\"https:\\\/\\\/ilcavallobianco.com\\\/new\\\/#website\",\"url\":\"https:\\\/\\\/ilcavallobianco.com\\\/new\\\/\",\"name\":\"Cavallo Bianco Dronero (CN)\",\"description\":\"Albergo Ristorante Pizzeria a Dronero (CN)\",\"publisher\":{\"@id\":\"https:\\\/\\\/ilcavallobianco.com\\\/new\\\/#organization\"},\"potentialAction\":[{\"@type\":\"SearchAction\",\"target\":{\"@type\":\"EntryPoint\",\"urlTemplate\":\"https:\\\/\\\/ilcavallobianco.com\\\/new\\\/?s={search_term_string}\"},\"query-input\":{\"@type\":\"PropertyValueSpecification\",\"valueRequired\":true,\"valueName\":\"search_term_string\"}}],\"inLanguage\":\"it-IT\"},{\"@type\":\"Organization\",\"@id\":\"https:\\\/\\\/ilcavallobianco.com\\\/new\\\/#organization\",\"name\":\"Cavallo Bianco Dronero (CN)\",\"url\":\"https:\\\/\\\/ilcavallobianco.com\\\/new\\\/\",\"logo\":{\"@type\":\"ImageObject\",\"inLanguage\":\"it-IT\",\"@id\":\"https:\\\/\\\/ilcavallobianco.com\\\/new\\\/#\\\/schema\\\/logo\\\/image\\\/\",\"url\":\"http:\\\/\\\/ilcavallobianco.com\\\/new\\\/images\\\/2025\\\/02\\\/logo_cabia.png\",\"contentUrl\":\"http:\\\/\\\/ilcavallobianco.com\\\/new\\\/images\\\/2025\\\/02\\\/logo_cabia.png\",\"width\":95,\"height\":95,\"caption\":\"Cavallo Bianco Dronero (CN)\"},\"image\":{\"@id\":\"https:\\\/\\\/ilcavallobianco.com\\\/new\\\/#\\\/schema\\\/logo\\\/image\\\/\"},\"sameAs\":[\"https:\\\/\\\/www.facebook.com\\\/pages\\\/Ristorante-Cavallo-Bianco-Di-Dronero\\\/131518253600511\"]}]}<\/script>\n<!-- \/ Yoast SEO plugin. -->","yoast_head_json":{"title":"Ristorante e Pizzeria - Cavallo Bianco Dronero (CN)","description":"Quattro sale su due piani e dehors estivo. La cucina tipica piemontese \u00e8 la nostra specialit\u00e0, ma proponiamo anche piatti a base di pesce. Fritto misto su prenotazione (minimo 10 persone)","robots":{"index":"index","follow":"follow","max-snippet":"max-snippet:-1","max-image-preview":"max-image-preview:large","max-video-preview":"max-video-preview:-1"},"canonical":"https:\/\/ilcavallobianco.com\/new\/ristorante-pizzeria\/","og_locale":"it_IT","og_type":"article","og_title":"Ristorante e Pizzeria - Cavallo Bianco Dronero (CN)","og_description":"Quattro sale su due piani e dehors estivo. La cucina tipica piemontese \u00e8 la nostra specialit\u00e0, ma proponiamo anche piatti a base di pesce. Fritto misto su prenotazione (minimo 10 persone)","og_url":"https:\/\/ilcavallobianco.com\/new\/ristorante-pizzeria\/","og_site_name":"Cavallo Bianco Dronero (CN)","article_publisher":"https:\/\/www.facebook.com\/pages\/Ristorante-Cavallo-Bianco-Di-Dronero\/131518253600511","article_modified_time":"2025-06-10T10:18:04+00:00","og_image":[{"url":"https:\/\/ilcavallobianco.com\/new\/images\/2025\/02\/sala1_d.jpg","type":"","width":"","height":""}],"twitter_card":"summary_large_image","twitter_misc":{"Tempo di lettura stimato":"3 minuti"},"schema":{"@context":"https:\/\/schema.org","@graph":[{"@type":"WebPage","@id":"https:\/\/ilcavallobianco.com\/new\/ristorante-pizzeria\/","url":"https:\/\/ilcavallobianco.com\/new\/ristorante-pizzeria\/","name":"Ristorante e Pizzeria - Cavallo Bianco Dronero (CN)","isPartOf":{"@id":"https:\/\/ilcavallobianco.com\/new\/#website"},"primaryImageOfPage":{"@id":"https:\/\/ilcavallobianco.com\/new\/ristorante-pizzeria\/#primaryimage"},"image":{"@id":"https:\/\/ilcavallobianco.com\/new\/ristorante-pizzeria\/#primaryimage"},"thumbnailUrl":"https:\/\/ilcavallobianco.com\/new\/images\/2025\/02\/sala1_d.jpg","datePublished":"2025-02-10T08:39:34+00:00","dateModified":"2025-06-10T10:18:04+00:00","description":"Quattro sale su due piani e dehors estivo. La cucina tipica piemontese \u00e8 la nostra specialit\u00e0, ma proponiamo anche piatti a base di pesce. Fritto misto su prenotazione (minimo 10 persone)","breadcrumb":{"@id":"https:\/\/ilcavallobianco.com\/new\/ristorante-pizzeria\/#breadcrumb"},"inLanguage":"it-IT","potentialAction":[{"@type":"ReadAction","target":["https:\/\/ilcavallobianco.com\/new\/ristorante-pizzeria\/"]}]},{"@type":"ImageObject","inLanguage":"it-IT","@id":"https:\/\/ilcavallobianco.com\/new\/ristorante-pizzeria\/#primaryimage","url":"https:\/\/ilcavallobianco.com\/new\/images\/2025\/02\/sala1_d.jpg","contentUrl":"https:\/\/ilcavallobianco.com\/new\/images\/2025\/02\/sala1_d.jpg"},{"@type":"BreadcrumbList","@id":"https:\/\/ilcavallobianco.com\/new\/ristorante-pizzeria\/#breadcrumb","itemListElement":[{"@type":"ListItem","position":1,"name":"Home","item":"https:\/\/ilcavallobianco.com\/new\/"},{"@type":"ListItem","position":2,"name":"Ristorante e Pizzeria"}]},{"@type":"WebSite","@id":"https:\/\/ilcavallobianco.com\/new\/#website","url":"https:\/\/ilcavallobianco.com\/new\/","name":"Cavallo Bianco Dronero (CN)","description":"Albergo Ristorante Pizzeria a Dronero (CN)","publisher":{"@id":"https:\/\/ilcavallobianco.com\/new\/#organization"},"potentialAction":[{"@type":"SearchAction","target":{"@type":"EntryPoint","urlTemplate":"https:\/\/ilcavallobianco.com\/new\/?s={search_term_string}"},"query-input":{"@type":"PropertyValueSpecification","valueRequired":true,"valueName":"search_term_string"}}],"inLanguage":"it-IT"},{"@type":"Organization","@id":"https:\/\/ilcavallobianco.com\/new\/#organization","name":"Cavallo Bianco Dronero (CN)","url":"https:\/\/ilcavallobianco.com\/new\/","logo":{"@type":"ImageObject","inLanguage":"it-IT","@id":"https:\/\/ilcavallobianco.com\/new\/#\/schema\/logo\/image\/","url":"http:\/\/ilcavallobianco.com\/new\/images\/2025\/02\/logo_cabia.png","contentUrl":"http:\/\/ilcavallobianco.com\/new\/images\/2025\/02\/logo_cabia.png","width":95,"height":95,"caption":"Cavallo Bianco Dronero (CN)"},"image":{"@id":"https:\/\/ilcavallobianco.com\/new\/#\/schema\/logo\/image\/"},"sameAs":["https:\/\/www.facebook.com\/pages\/Ristorante-Cavallo-Bianco-Di-Dronero\/131518253600511"]}]}},"_links":{"self":[{"href":"https:\/\/ilcavallobianco.com\/new\/wp-json\/wp\/v2\/pages\/75","targetHints":{"allow":["GET"]}}],"collection":[{"href":"https:\/\/ilcavallobianco.com\/new\/wp-json\/wp\/v2\/pages"}],"about":[{"href":"https:\/\/ilcavallobianco.com\/new\/wp-json\/wp\/v2\/types\/page"}],"author":[{"embeddable":true,"href":"https:\/\/ilcavallobianco.com\/new\/wp-json\/wp\/v2\/users\/1"}],"replies":[{"embeddable":true,"href":"https:\/\/ilcavallobianco.com\/new\/wp-json\/wp\/v2\/comments?post=75"}],"version-history":[{"count":0,"href":"https:\/\/ilcavallobianco.com\/new\/wp-json\/wp\/v2\/pages\/75\/revisions"}],"wp:attachment":[{"href":"https:\/\/ilcavallobianco.com\/new\/wp-json\/wp\/v2\/media?parent=75"}],"curies":[{"name":"wp","href":"https:\/\/api.w.org\/{rel}","templated":true}]}}