{"id":134,"date":"2025-02-13T00:50:00","date_gmt":"2025-02-12T23:50:00","guid":{"rendered":"https:\/\/ilcavallobianco.com\/new\/?page_id=134"},"modified":"2025-02-13T00:50:01","modified_gmt":"2025-02-12T23:50:01","slug":"aktivitaten","status":"publish","type":"page","link":"https:\/\/ilcavallobianco.com\/new\/de\/aktivitaten\/","title":{"rendered":"Aktivit\u00e4ten in der Umgebung"},"content":{"rendered":"<p style=\"width: 630px;\"><img fetchpriority=\"high\" decoding=\"async\" src=\"https:\/\/ilcavallobianco.com\/new\/images\/2025\/02\/act_san-costanzo.jpg\" alt=\"San Costanzo al Monte\" class=\"alignleft size-full wp-image-112\" width=\"420\" height=\"280\"><img decoding=\"async\" src=\"https:\/\/ilcavallobianco.com\/new\/images\/2025\/02\/act_birrone.jpg\" alt=\"Colle Birrone, Valle Maira\" class=\"alignleft size-full wp-image-109\" width=\"420\" height=\"280\"><img decoding=\"async\" src=\"https:\/\/ilcavallobianco.com\/new\/images\/2025\/02\/act-mountain-bike.jpg\" alt=\"Valle Maira, escursione mountain bike\" class=\"alignleft size-full wp-image\" width=\"420\" height=\"280\"><\/p>\n<p>Das &#8220;Cavallo Bianco&#8221; befindet sich an einem idealen Ausgangspunkt f\u00f9r kulturelle, sportliche und gastronomische Exkursionen.<\/p>\n<p>Dronero ist reich an historischen Geb\u00e4uden, deren Urspr\u00fcnge vom Mittelalter bis hin zum 19.  Jahrhundert  reichen. In dieser Epoche kehrte der erste Minister Giovanni Giolitti, nachdem er sich von seinem Regierungsamt in Rom befreite nach Dronero zur\u00fcck.<br \/>\nIn n\u00e4herer Umgebung befinden ethnografische Museen, Natur- und Kunstst\u00e4tten \u2013 es gibt also eine grosse Auswahl an Sehensw\u00fcrdigkeiten.<\/p>\n<p>Dronero befindet sich im Zentrum des sch\u00f6nen und naturverbundenenValle Maira und ist somit ein sehr guter<br \/>\nAusgangspunkt f\u00fcr Ausfl\u00fcge jeglicher Art in der n\u00e4heren Umgebung, f\u00fcr Zwischenetappen oder auch f\u00fcr l\u00e4ngere Touren.<\/p>\n<p>Wir verf\u00fcgen \u00fcber eine grosse Auswahl an sportlichen Aktivit\u00e4ten, die teilweise im Freien ausge\u00fcbt werden k\u00f6nnen. Hierzu z\u00e4hlen unter anderem:<br \/>\n&#8211; Radsport (Mountainbike, Rennrad oder Cityrad)<br \/>\n&#8211; Wander- und\/oder Reitausfl\u00fcge<br \/>\n&#8211; viele andere Sportarten: Schwimmen, Klettern, Paragliding, Tennis, Fussball, Basketball, Volleyball, Strandvolleyball, Faustball, Bocce, Angeln.<\/p>\n<p>Vor allem Radsportbegeisterte finden in der Region faszinierende und legend\u00e4re Strecken, die je nach Geschmack und K\u00f6nnen ausgew\u00e4hlt werden k\u00f6nnen.<br \/>\nBei Problemen mit dem Motorrad empfehlen wir Ihnen die Werkstatt &#8220;<a href=\"https:\/\/www.bicicucchietti.com\" target=\"_blank\" rel=\"noopener\">Bici Cucchietti<\/a>&#8221; in Villar San Costanzo, wo Ihnen kompetente und hilfsbereite Mitarbeiter zur Seite stehen.<\/p>\n<p>Seit vielen Jahren werden in der Umgebung verschiedene Kultur-, Unterhaltungs- und Sportveranstaltungen organisiert. Gerne geben wir n\u00e4here Ausk\u00fcnfte zu aktuellen Aktivit\u00e4ten und Veranstaltungen.<\/p>\n<p style=\"font-size: 0.8em;\">FOTO:<br \/>\n&#8211; Kolonnade in der Kirche des romanisch \u2013 gotischen Komplexes von San Costanzo al Monte (Villar San Costanzo) in der N\u00e4he von Dronero.<br \/>\n&#8211; Colle Birrone (1700 m): Wasserscheide zwischen dem Valle Maira und dem Val Varaita, die entlang der &#8220;Strada dei cannoni&#8221; (Kanonenstrasse) verl\u00e4uft.<br \/>\n&#8211; Die &#8220;Kanonenstrasse&#8221; (etwa vierzig Kilometer), in der N\u00e4he des Colle di Sampeyre.<br \/>\n&#8211; Blick auf Dronero  von der Neuen Br\u00fccke. Im Zentrum befindet sich das beeindruckende Theater- und Kinogeb\u00e4ude, das erst k\u00fcrzlich restauriert wurde und nun wieder in Betrieb ist.<\/p>\n<p><img loading=\"lazy\" decoding=\"async\" class=\"alignleft size-full wp-image-110\" alt=\"Dronero (CN)\" src=\"https:\/\/ilcavallobianco.com\/new\/images\/2025\/02\/dronero_veduta.jpg\" width=\"1000\" height=\"398\"><\/p>\n","protected":false},"excerpt":{"rendered":"<p>Das &#8220;Cavallo Bianco&#8221; befindet sich an einem idealen Ausgangspunkt f\u00f9r kulturelle, sportliche und gastronomische Exkursionen. Dronero ist reich an historischen Geb\u00e4uden, deren Urspr\u00fcnge vom Mittelalter bis hin zum 19. Jahrhundert reichen. In dieser Epoche kehrte der erste Minister Giovanni Giolitti, nachdem er sich von seinem Regierungsamt in Rom befreite nach Dronero zur\u00fcck. In n\u00e4herer Umgebung&hellip;&nbsp;<a href=\"https:\/\/ilcavallobianco.com\/new\/de\/aktivitaten\/\" rel=\"bookmark\">Leggi tutto &raquo;<span class=\"screen-reader-text\">Aktivit\u00e4ten in der Umgebung<\/span><\/a><\/p>\n","protected":false},"author":1,"featured_media":0,"parent":0,"menu_order":0,"comment_status":"closed","ping_status":"closed","template":"","meta":{"neve_meta_sidebar":"","neve_meta_container":"","neve_meta_enable_content_width":"","neve_meta_content_width":0,"neve_meta_title_alignment":"","neve_meta_author_avatar":"","neve_post_elements_order":"","neve_meta_disable_header":"","neve_meta_disable_footer":"","neve_meta_disable_title":"","footnotes":""},"class_list":["post-134","page","type-page","status-publish","hentry"],"yoast_head":"<!-- This site is optimized with the Yoast SEO plugin v27.4 - https:\/\/yoast.com\/product\/yoast-seo-wordpress\/ -->\n<title>Aktivit\u00e4ten in der Umgebung - Cavallo Bianco Dronero (CN)<\/title>\n<meta name=\"description\" content=\"Das Hotel Restaurant Pizzeria Cavallo Bianco befindet sich in einer strategischen Lage f\u00fcr kulturelle, sportliche und gastronomische Ausfl\u00fcge.\" \/>\n<meta name=\"robots\" content=\"index, follow, max-snippet:-1, max-image-preview:large, max-video-preview:-1\" \/>\n<link rel=\"canonical\" href=\"https:\/\/ilcavallobianco.com\/new\/de\/aktivitaten\/\" \/>\n<meta property=\"og:locale\" content=\"it_IT\" \/>\n<meta property=\"og:type\" content=\"article\" \/>\n<meta property=\"og:title\" content=\"Aktivit\u00e4ten in der Umgebung - Cavallo Bianco Dronero (CN)\" \/>\n<meta property=\"og:description\" content=\"Das Hotel Restaurant Pizzeria Cavallo Bianco befindet sich in einer strategischen Lage f\u00fcr kulturelle, sportliche und gastronomische Ausfl\u00fcge.\" \/>\n<meta property=\"og:url\" content=\"https:\/\/ilcavallobianco.com\/new\/de\/aktivitaten\/\" \/>\n<meta property=\"og:site_name\" content=\"Cavallo Bianco Dronero (CN)\" \/>\n<meta property=\"article:publisher\" content=\"https:\/\/www.facebook.com\/pages\/Ristorante-Cavallo-Bianco-Di-Dronero\/131518253600511\" \/>\n<meta property=\"article:modified_time\" content=\"2025-02-12T23:50:01+00:00\" \/>\n<meta property=\"og:image\" content=\"https:\/\/ilcavallobianco.com\/new\/images\/2025\/02\/casa.jpg\" \/>\n\t<meta property=\"og:image:width\" content=\"667\" \/>\n\t<meta property=\"og:image:height\" content=\"500\" \/>\n\t<meta property=\"og:image:type\" content=\"image\/jpeg\" \/>\n<meta name=\"twitter:card\" content=\"summary_large_image\" \/>\n<meta name=\"twitter:label1\" content=\"Tempo di lettura stimato\" \/>\n\t<meta name=\"twitter:data1\" content=\"3 minuti\" \/>\n<script type=\"application\/ld+json\" class=\"yoast-schema-graph\">{\"@context\":\"https:\\\/\\\/schema.org\",\"@graph\":[{\"@type\":\"WebPage\",\"@id\":\"https:\\\/\\\/ilcavallobianco.com\\\/new\\\/de\\\/aktivitaten\\\/\",\"url\":\"https:\\\/\\\/ilcavallobianco.com\\\/new\\\/de\\\/aktivitaten\\\/\",\"name\":\"Aktivit\u00e4ten in der Umgebung - Cavallo Bianco Dronero (CN)\",\"isPartOf\":{\"@id\":\"https:\\\/\\\/ilcavallobianco.com\\\/new\\\/#website\"},\"primaryImageOfPage\":{\"@id\":\"https:\\\/\\\/ilcavallobianco.com\\\/new\\\/de\\\/aktivitaten\\\/#primaryimage\"},\"image\":{\"@id\":\"https:\\\/\\\/ilcavallobianco.com\\\/new\\\/de\\\/aktivitaten\\\/#primaryimage\"},\"thumbnailUrl\":\"https:\\\/\\\/ilcavallobianco.com\\\/new\\\/images\\\/2025\\\/02\\\/act_san-costanzo.jpg\",\"datePublished\":\"2025-02-12T23:50:00+00:00\",\"dateModified\":\"2025-02-12T23:50:01+00:00\",\"description\":\"Das Hotel Restaurant Pizzeria Cavallo Bianco befindet sich in einer strategischen Lage f\u00fcr kulturelle, sportliche und gastronomische Ausfl\u00fcge.\",\"breadcrumb\":{\"@id\":\"https:\\\/\\\/ilcavallobianco.com\\\/new\\\/de\\\/aktivitaten\\\/#breadcrumb\"},\"inLanguage\":\"it-IT\",\"potentialAction\":[{\"@type\":\"ReadAction\",\"target\":[\"https:\\\/\\\/ilcavallobianco.com\\\/new\\\/de\\\/aktivitaten\\\/\"]}]},{\"@type\":\"ImageObject\",\"inLanguage\":\"it-IT\",\"@id\":\"https:\\\/\\\/ilcavallobianco.com\\\/new\\\/de\\\/aktivitaten\\\/#primaryimage\",\"url\":\"\",\"contentUrl\":\"\"},{\"@type\":\"BreadcrumbList\",\"@id\":\"https:\\\/\\\/ilcavallobianco.com\\\/new\\\/de\\\/aktivitaten\\\/#breadcrumb\",\"itemListElement\":[{\"@type\":\"ListItem\",\"position\":1,\"name\":\"Home\",\"item\":\"https:\\\/\\\/ilcavallobianco.com\\\/new\\\/\"},{\"@type\":\"ListItem\",\"position\":2,\"name\":\"Aktivit\u00e4ten in der Umgebung\"}]},{\"@type\":\"WebSite\",\"@id\":\"https:\\\/\\\/ilcavallobianco.com\\\/new\\\/#website\",\"url\":\"https:\\\/\\\/ilcavallobianco.com\\\/new\\\/\",\"name\":\"Cavallo Bianco Dronero (CN)\",\"description\":\"Albergo Ristorante Pizzeria a Dronero (CN)\",\"publisher\":{\"@id\":\"https:\\\/\\\/ilcavallobianco.com\\\/new\\\/#organization\"},\"potentialAction\":[{\"@type\":\"SearchAction\",\"target\":{\"@type\":\"EntryPoint\",\"urlTemplate\":\"https:\\\/\\\/ilcavallobianco.com\\\/new\\\/?s={search_term_string}\"},\"query-input\":{\"@type\":\"PropertyValueSpecification\",\"valueRequired\":true,\"valueName\":\"search_term_string\"}}],\"inLanguage\":\"it-IT\"},{\"@type\":\"Organization\",\"@id\":\"https:\\\/\\\/ilcavallobianco.com\\\/new\\\/#organization\",\"name\":\"Cavallo Bianco Dronero (CN)\",\"url\":\"https:\\\/\\\/ilcavallobianco.com\\\/new\\\/\",\"logo\":{\"@type\":\"ImageObject\",\"inLanguage\":\"it-IT\",\"@id\":\"https:\\\/\\\/ilcavallobianco.com\\\/new\\\/#\\\/schema\\\/logo\\\/image\\\/\",\"url\":\"http:\\\/\\\/ilcavallobianco.com\\\/new\\\/images\\\/2025\\\/02\\\/logo_cabia.png\",\"contentUrl\":\"http:\\\/\\\/ilcavallobianco.com\\\/new\\\/images\\\/2025\\\/02\\\/logo_cabia.png\",\"width\":95,\"height\":95,\"caption\":\"Cavallo Bianco Dronero (CN)\"},\"image\":{\"@id\":\"https:\\\/\\\/ilcavallobianco.com\\\/new\\\/#\\\/schema\\\/logo\\\/image\\\/\"},\"sameAs\":[\"https:\\\/\\\/www.facebook.com\\\/pages\\\/Ristorante-Cavallo-Bianco-Di-Dronero\\\/131518253600511\"]}]}<\/script>\n<!-- \/ Yoast SEO plugin. -->","yoast_head_json":{"title":"Aktivit\u00e4ten in der Umgebung - Cavallo Bianco Dronero (CN)","description":"Das Hotel Restaurant Pizzeria Cavallo Bianco befindet sich in einer strategischen Lage f\u00fcr kulturelle, sportliche und gastronomische Ausfl\u00fcge.","robots":{"index":"index","follow":"follow","max-snippet":"max-snippet:-1","max-image-preview":"max-image-preview:large","max-video-preview":"max-video-preview:-1"},"canonical":"https:\/\/ilcavallobianco.com\/new\/de\/aktivitaten\/","og_locale":"it_IT","og_type":"article","og_title":"Aktivit\u00e4ten in der Umgebung - Cavallo Bianco Dronero (CN)","og_description":"Das Hotel Restaurant Pizzeria Cavallo Bianco befindet sich in einer strategischen Lage f\u00fcr kulturelle, sportliche und gastronomische Ausfl\u00fcge.","og_url":"https:\/\/ilcavallobianco.com\/new\/de\/aktivitaten\/","og_site_name":"Cavallo Bianco Dronero (CN)","article_publisher":"https:\/\/www.facebook.com\/pages\/Ristorante-Cavallo-Bianco-Di-Dronero\/131518253600511","article_modified_time":"2025-02-12T23:50:01+00:00","og_image":[{"width":667,"height":500,"url":"https:\/\/ilcavallobianco.com\/new\/images\/2025\/02\/casa.jpg","type":"image\/jpeg"}],"twitter_card":"summary_large_image","twitter_misc":{"Tempo di lettura stimato":"3 minuti"},"schema":{"@context":"https:\/\/schema.org","@graph":[{"@type":"WebPage","@id":"https:\/\/ilcavallobianco.com\/new\/de\/aktivitaten\/","url":"https:\/\/ilcavallobianco.com\/new\/de\/aktivitaten\/","name":"Aktivit\u00e4ten in der Umgebung - Cavallo Bianco Dronero (CN)","isPartOf":{"@id":"https:\/\/ilcavallobianco.com\/new\/#website"},"primaryImageOfPage":{"@id":"https:\/\/ilcavallobianco.com\/new\/de\/aktivitaten\/#primaryimage"},"image":{"@id":"https:\/\/ilcavallobianco.com\/new\/de\/aktivitaten\/#primaryimage"},"thumbnailUrl":"https:\/\/ilcavallobianco.com\/new\/images\/2025\/02\/act_san-costanzo.jpg","datePublished":"2025-02-12T23:50:00+00:00","dateModified":"2025-02-12T23:50:01+00:00","description":"Das Hotel Restaurant Pizzeria Cavallo Bianco befindet sich in einer strategischen Lage f\u00fcr kulturelle, sportliche und gastronomische Ausfl\u00fcge.","breadcrumb":{"@id":"https:\/\/ilcavallobianco.com\/new\/de\/aktivitaten\/#breadcrumb"},"inLanguage":"it-IT","potentialAction":[{"@type":"ReadAction","target":["https:\/\/ilcavallobianco.com\/new\/de\/aktivitaten\/"]}]},{"@type":"ImageObject","inLanguage":"it-IT","@id":"https:\/\/ilcavallobianco.com\/new\/de\/aktivitaten\/#primaryimage","url":"","contentUrl":""},{"@type":"BreadcrumbList","@id":"https:\/\/ilcavallobianco.com\/new\/de\/aktivitaten\/#breadcrumb","itemListElement":[{"@type":"ListItem","position":1,"name":"Home","item":"https:\/\/ilcavallobianco.com\/new\/"},{"@type":"ListItem","position":2,"name":"Aktivit\u00e4ten in der Umgebung"}]},{"@type":"WebSite","@id":"https:\/\/ilcavallobianco.com\/new\/#website","url":"https:\/\/ilcavallobianco.com\/new\/","name":"Cavallo Bianco Dronero (CN)","description":"Albergo Ristorante Pizzeria a Dronero (CN)","publisher":{"@id":"https:\/\/ilcavallobianco.com\/new\/#organization"},"potentialAction":[{"@type":"SearchAction","target":{"@type":"EntryPoint","urlTemplate":"https:\/\/ilcavallobianco.com\/new\/?s={search_term_string}"},"query-input":{"@type":"PropertyValueSpecification","valueRequired":true,"valueName":"search_term_string"}}],"inLanguage":"it-IT"},{"@type":"Organization","@id":"https:\/\/ilcavallobianco.com\/new\/#organization","name":"Cavallo Bianco Dronero (CN)","url":"https:\/\/ilcavallobianco.com\/new\/","logo":{"@type":"ImageObject","inLanguage":"it-IT","@id":"https:\/\/ilcavallobianco.com\/new\/#\/schema\/logo\/image\/","url":"http:\/\/ilcavallobianco.com\/new\/images\/2025\/02\/logo_cabia.png","contentUrl":"http:\/\/ilcavallobianco.com\/new\/images\/2025\/02\/logo_cabia.png","width":95,"height":95,"caption":"Cavallo Bianco Dronero (CN)"},"image":{"@id":"https:\/\/ilcavallobianco.com\/new\/#\/schema\/logo\/image\/"},"sameAs":["https:\/\/www.facebook.com\/pages\/Ristorante-Cavallo-Bianco-Di-Dronero\/131518253600511"]}]}},"_links":{"self":[{"href":"https:\/\/ilcavallobianco.com\/new\/wp-json\/wp\/v2\/pages\/134","targetHints":{"allow":["GET"]}}],"collection":[{"href":"https:\/\/ilcavallobianco.com\/new\/wp-json\/wp\/v2\/pages"}],"about":[{"href":"https:\/\/ilcavallobianco.com\/new\/wp-json\/wp\/v2\/types\/page"}],"author":[{"embeddable":true,"href":"https:\/\/ilcavallobianco.com\/new\/wp-json\/wp\/v2\/users\/1"}],"replies":[{"embeddable":true,"href":"https:\/\/ilcavallobianco.com\/new\/wp-json\/wp\/v2\/comments?post=134"}],"version-history":[{"count":0,"href":"https:\/\/ilcavallobianco.com\/new\/wp-json\/wp\/v2\/pages\/134\/revisions"}],"wp:attachment":[{"href":"https:\/\/ilcavallobianco.com\/new\/wp-json\/wp\/v2\/media?parent=134"}],"curies":[{"name":"wp","href":"https:\/\/api.w.org\/{rel}","templated":true}]}}