{"id":131,"date":"2025-02-13T00:39:03","date_gmt":"2025-02-12T23:39:03","guid":{"rendered":"https:\/\/ilcavallobianco.com\/new\/?page_id=131"},"modified":"2025-06-10T12:15:16","modified_gmt":"2025-06-10T10:15:16","slug":"hotel-de","status":"publish","type":"page","link":"https:\/\/ilcavallobianco.com\/new\/de\/hotel-de\/","title":{"rendered":"Hotel"},"content":{"rendered":"<p style=\"width: 450px;\"><a href=\"https:\/\/ilcavallobianco.com\/new\/images\/2025\/02\/cambal_a.jpg\" rel=\"lightbox[hotel]\"><img decoding=\"async\" class=\"alignleft\" src=\"https:\/\/ilcavallobianco.com\/new\/images\/2025\/02\/cambal_a.jpg\" alt=\"Cavallo Bianco, Dronero\" width=\"150\" \/><\/a><a href=\"https:\/\/ilcavallobianco.com\/new\/images\/2025\/02\/camghir_a.jpg\" rel=\"lightbox[hotel]\"><img decoding=\"async\" class=\"alignleft\" src=\"https:\/\/ilcavallobianco.com\/new\/images\/2025\/02\/camghir_a.jpg\" alt=\"Cavallo Bianco, Dronero\" width=\"150\" \/><\/a><\/p>\n<p style=\"width: 450px;\"><a href=\"https:\/\/ilcavallobianco.com\/new\/images\/2025\/02\/camros_a.jpg\" rel=\"lightbox[hotel]\"><img decoding=\"async\" class=\"alignleft\" src=\"https:\/\/ilcavallobianco.com\/new\/images\/2025\/02\/camros_a.jpg\" alt=\"Cavallo Bianco, Dronero\" width=\"150\" \/><\/a><a href=\"https:\/\/ilcavallobianco.com\/new\/images\/2025\/02\/camblu_a.jpg\" rel=\"lightbox[hotel]\"><img decoding=\"async\" class=\"alignleft\" src=\"https:\/\/ilcavallobianco.com\/new\/images\/2025\/02\/camblu_a.jpg\" alt=\"Cavallo Bianco, Dronero\" width=\"150\" \/><\/a><\/p>\n<p style=\"width: 450px;\"><a href=\"https:\/\/ilcavallobianco.com\/new\/images\/2025\/02\/camgri_a.jpg\" rel=\"lightbox[hotel]\"><img decoding=\"async\" class=\"alignleft\" src=\"https:\/\/ilcavallobianco.com\/new\/images\/2025\/02\/camgri_a.jpg\" alt=\"Cavallo Bianco, Dronero\" width=\"150\" \/><\/a><a href=\"https:\/\/ilcavallobianco.com\/new\/images\/2025\/02\/camgri_b.jpg\" rel=\"lightbox[hotel]\"><img decoding=\"async\" class=\"alignleft\" src=\"https:\/\/ilcavallobianco.com\/new\/images\/2025\/02\/camgri_b.jpg\" alt=\"Cavallo Bianco, Dronero\" width=\"150\" \/><\/a><\/p>\n<p>Unser Hotel verf\u00fcgt \u00fcber Zimmer, die den verschiedensten Anspr\u00fcchen gerecht werden: ein Aufenthalt w\u00e4hrend einer Dienstreise, ein Familienurlaub oder ein romantisches Wochenende.<\/p>\n<p>Neben den klassisch eingerichteten Zimmern k\u00f6nnen wir auch solche anbieten, in denen man glaubt, die Zeit sei stehengeblieben.<\/p>\n<p><strong>Tarif<\/strong><br \/>\nAlle Zimmer sind wie folgt ausgestattet: Bad mit Dusche, TV, WiFi\u2013Internetzugang.<br \/>\nDie aufgef\u00fchrten Preisen verstehen sich inklusive Fr\u00fchst\u00fcck.<br \/>\nAuf Nachfrage stellen wir auch gerne ein Kinderbett bereit.<br \/>\n\u2022 Einzelzimmer: min <strong>\u20ac 70,00<\/strong> &#8211; max <strong>\u20ac 80,00<\/strong><br \/>\n\u2022 Doppelzimmer: min <strong>\u20ac 90,00<\/strong> &#8211; max <strong>\u20ac 100,00<\/strong><br \/>\n\u2022 Zimmer f\u00fcr 3 Personen: min <strong>\u20ac 110,00<\/strong> &#8211; max <strong>\u20ac 120,00<\/strong><br \/>\n\u2022 Zimmer f\u00fcr 4 Personen: min <strong>\u20ac 130,00<\/strong> &#8211; max <strong>\u20ac 140,00<\/strong><\/p>\n<p>Die Preise f\u00fcr Halb- und Vollpension gelten f\u00fcr einen Mindestaufenthalt von 3 Tagen. Getr\u00e4nke sind nicht inbegriffen.<br \/>\n\u2022 Einzelzimmer Halbpension: min <strong>\u20ac80,00<\/strong> &#8211; max <strong>\u20ac 90,00<\/strong><br \/>\n\u2022 Einzelzimmer Vollpension: min <strong>\u20ac 90,00<\/strong> &#8211; max <strong>\u20ac 100,00<\/strong><br \/>\n\u2022 Doppelzimmer Halbpension: min <strong>\u20ac 70,00<\/strong> &#8211; max <strong>\u20ac 80,00<\/strong><br \/>\n\u2022 Doppelzimmer Vollpension: min <strong>\u20ac 80,00<\/strong> &#8211; max <strong>\u20ac 90,00<\/strong><\/p>\n<p>F\u00fcr Reisegruppen k\u00f6nnen wir Preisnachl\u00e4sse gew\u00e4hren.<br \/>\nIn unserem Hause sind auch Haustiere gerne willkommen.<\/p>\n","protected":false},"excerpt":{"rendered":"<p>Unser Hotel verf\u00fcgt \u00fcber Zimmer, die den verschiedensten Anspr\u00fcchen gerecht werden: ein Aufenthalt w\u00e4hrend einer Dienstreise, ein Familienurlaub oder ein romantisches Wochenende. Neben den klassisch eingerichteten Zimmern k\u00f6nnen wir auch solche anbieten, in denen man glaubt, die Zeit sei stehengeblieben. Tarif Alle Zimmer sind wie folgt ausgestattet: Bad mit Dusche, TV, WiFi\u2013Internetzugang. Die aufgef\u00fchrten Preisen&hellip;&nbsp;<a href=\"https:\/\/ilcavallobianco.com\/new\/de\/hotel-de\/\" rel=\"bookmark\">Leggi tutto &raquo;<span class=\"screen-reader-text\">Hotel<\/span><\/a><\/p>\n","protected":false},"author":1,"featured_media":0,"parent":0,"menu_order":0,"comment_status":"closed","ping_status":"closed","template":"","meta":{"neve_meta_sidebar":"","neve_meta_container":"","neve_meta_enable_content_width":"","neve_meta_content_width":0,"neve_meta_title_alignment":"","neve_meta_author_avatar":"","neve_post_elements_order":"","neve_meta_disable_header":"","neve_meta_disable_footer":"","neve_meta_disable_title":"","footnotes":""},"class_list":["post-131","page","type-page","status-publish","hentry"],"yoast_head":"<!-- This site is optimized with the Yoast SEO plugin v27.4 - https:\/\/yoast.com\/product\/yoast-seo-wordpress\/ -->\n<title>Hotel - Cavallo Bianco Dronero (CN)<\/title>\n<meta name=\"description\" content=\"In unserem Hotel finden Sie klassisch eingerichtete Zimmer und andere, in denen die Zeit, abgesehen vom Komfort, still zu stehen scheint...\" \/>\n<meta name=\"robots\" content=\"index, follow, max-snippet:-1, max-image-preview:large, max-video-preview:-1\" \/>\n<link rel=\"canonical\" href=\"https:\/\/ilcavallobianco.com\/new\/de\/hotel-de\/\" \/>\n<meta property=\"og:locale\" content=\"it_IT\" \/>\n<meta property=\"og:type\" content=\"article\" \/>\n<meta property=\"og:title\" content=\"Hotel - Cavallo Bianco Dronero (CN)\" \/>\n<meta property=\"og:description\" content=\"In unserem Hotel finden Sie klassisch eingerichtete Zimmer und andere, in denen die Zeit, abgesehen vom Komfort, still zu stehen scheint...\" \/>\n<meta property=\"og:url\" content=\"https:\/\/ilcavallobianco.com\/new\/de\/hotel-de\/\" \/>\n<meta property=\"og:site_name\" content=\"Cavallo Bianco Dronero (CN)\" \/>\n<meta property=\"article:publisher\" content=\"https:\/\/www.facebook.com\/pages\/Ristorante-Cavallo-Bianco-Di-Dronero\/131518253600511\" \/>\n<meta property=\"article:modified_time\" content=\"2025-06-10T10:15:16+00:00\" \/>\n<meta property=\"og:image\" content=\"https:\/\/ilcavallobianco.com\/new\/images\/2025\/02\/cambal_a.jpg\" \/>\n<meta name=\"twitter:card\" content=\"summary_large_image\" \/>\n<meta name=\"twitter:label1\" content=\"Tempo di lettura stimato\" \/>\n\t<meta name=\"twitter:data1\" content=\"3 minuti\" \/>\n<script type=\"application\/ld+json\" class=\"yoast-schema-graph\">{\"@context\":\"https:\\\/\\\/schema.org\",\"@graph\":[{\"@type\":\"WebPage\",\"@id\":\"https:\\\/\\\/ilcavallobianco.com\\\/new\\\/de\\\/hotel-de\\\/\",\"url\":\"https:\\\/\\\/ilcavallobianco.com\\\/new\\\/de\\\/hotel-de\\\/\",\"name\":\"Hotel - Cavallo Bianco Dronero (CN)\",\"isPartOf\":{\"@id\":\"https:\\\/\\\/ilcavallobianco.com\\\/new\\\/#website\"},\"primaryImageOfPage\":{\"@id\":\"https:\\\/\\\/ilcavallobianco.com\\\/new\\\/de\\\/hotel-de\\\/#primaryimage\"},\"image\":{\"@id\":\"https:\\\/\\\/ilcavallobianco.com\\\/new\\\/de\\\/hotel-de\\\/#primaryimage\"},\"thumbnailUrl\":\"https:\\\/\\\/ilcavallobianco.com\\\/new\\\/images\\\/2025\\\/02\\\/cambal_a.jpg\",\"datePublished\":\"2025-02-12T23:39:03+00:00\",\"dateModified\":\"2025-06-10T10:15:16+00:00\",\"description\":\"In unserem Hotel finden Sie klassisch eingerichtete Zimmer und andere, in denen die Zeit, abgesehen vom Komfort, still zu stehen scheint...\",\"breadcrumb\":{\"@id\":\"https:\\\/\\\/ilcavallobianco.com\\\/new\\\/de\\\/hotel-de\\\/#breadcrumb\"},\"inLanguage\":\"it-IT\",\"potentialAction\":[{\"@type\":\"ReadAction\",\"target\":[\"https:\\\/\\\/ilcavallobianco.com\\\/new\\\/de\\\/hotel-de\\\/\"]}]},{\"@type\":\"ImageObject\",\"inLanguage\":\"it-IT\",\"@id\":\"https:\\\/\\\/ilcavallobianco.com\\\/new\\\/de\\\/hotel-de\\\/#primaryimage\",\"url\":\"https:\\\/\\\/ilcavallobianco.com\\\/new\\\/images\\\/2025\\\/02\\\/cambal_a.jpg\",\"contentUrl\":\"https:\\\/\\\/ilcavallobianco.com\\\/new\\\/images\\\/2025\\\/02\\\/cambal_a.jpg\"},{\"@type\":\"BreadcrumbList\",\"@id\":\"https:\\\/\\\/ilcavallobianco.com\\\/new\\\/de\\\/hotel-de\\\/#breadcrumb\",\"itemListElement\":[{\"@type\":\"ListItem\",\"position\":1,\"name\":\"Home\",\"item\":\"https:\\\/\\\/ilcavallobianco.com\\\/new\\\/\"},{\"@type\":\"ListItem\",\"position\":2,\"name\":\"Hotel\"}]},{\"@type\":\"WebSite\",\"@id\":\"https:\\\/\\\/ilcavallobianco.com\\\/new\\\/#website\",\"url\":\"https:\\\/\\\/ilcavallobianco.com\\\/new\\\/\",\"name\":\"Cavallo Bianco Dronero (CN)\",\"description\":\"Albergo Ristorante Pizzeria a Dronero (CN)\",\"publisher\":{\"@id\":\"https:\\\/\\\/ilcavallobianco.com\\\/new\\\/#organization\"},\"potentialAction\":[{\"@type\":\"SearchAction\",\"target\":{\"@type\":\"EntryPoint\",\"urlTemplate\":\"https:\\\/\\\/ilcavallobianco.com\\\/new\\\/?s={search_term_string}\"},\"query-input\":{\"@type\":\"PropertyValueSpecification\",\"valueRequired\":true,\"valueName\":\"search_term_string\"}}],\"inLanguage\":\"it-IT\"},{\"@type\":\"Organization\",\"@id\":\"https:\\\/\\\/ilcavallobianco.com\\\/new\\\/#organization\",\"name\":\"Cavallo Bianco Dronero (CN)\",\"url\":\"https:\\\/\\\/ilcavallobianco.com\\\/new\\\/\",\"logo\":{\"@type\":\"ImageObject\",\"inLanguage\":\"it-IT\",\"@id\":\"https:\\\/\\\/ilcavallobianco.com\\\/new\\\/#\\\/schema\\\/logo\\\/image\\\/\",\"url\":\"http:\\\/\\\/ilcavallobianco.com\\\/new\\\/images\\\/2025\\\/02\\\/logo_cabia.png\",\"contentUrl\":\"http:\\\/\\\/ilcavallobianco.com\\\/new\\\/images\\\/2025\\\/02\\\/logo_cabia.png\",\"width\":95,\"height\":95,\"caption\":\"Cavallo Bianco Dronero (CN)\"},\"image\":{\"@id\":\"https:\\\/\\\/ilcavallobianco.com\\\/new\\\/#\\\/schema\\\/logo\\\/image\\\/\"},\"sameAs\":[\"https:\\\/\\\/www.facebook.com\\\/pages\\\/Ristorante-Cavallo-Bianco-Di-Dronero\\\/131518253600511\"]}]}<\/script>\n<!-- \/ Yoast SEO plugin. -->","yoast_head_json":{"title":"Hotel - Cavallo Bianco Dronero (CN)","description":"In unserem Hotel finden Sie klassisch eingerichtete Zimmer und andere, in denen die Zeit, abgesehen vom Komfort, still zu stehen scheint...","robots":{"index":"index","follow":"follow","max-snippet":"max-snippet:-1","max-image-preview":"max-image-preview:large","max-video-preview":"max-video-preview:-1"},"canonical":"https:\/\/ilcavallobianco.com\/new\/de\/hotel-de\/","og_locale":"it_IT","og_type":"article","og_title":"Hotel - Cavallo Bianco Dronero (CN)","og_description":"In unserem Hotel finden Sie klassisch eingerichtete Zimmer und andere, in denen die Zeit, abgesehen vom Komfort, still zu stehen scheint...","og_url":"https:\/\/ilcavallobianco.com\/new\/de\/hotel-de\/","og_site_name":"Cavallo Bianco Dronero (CN)","article_publisher":"https:\/\/www.facebook.com\/pages\/Ristorante-Cavallo-Bianco-Di-Dronero\/131518253600511","article_modified_time":"2025-06-10T10:15:16+00:00","og_image":[{"url":"https:\/\/ilcavallobianco.com\/new\/images\/2025\/02\/cambal_a.jpg","type":"","width":"","height":""}],"twitter_card":"summary_large_image","twitter_misc":{"Tempo di lettura stimato":"3 minuti"},"schema":{"@context":"https:\/\/schema.org","@graph":[{"@type":"WebPage","@id":"https:\/\/ilcavallobianco.com\/new\/de\/hotel-de\/","url":"https:\/\/ilcavallobianco.com\/new\/de\/hotel-de\/","name":"Hotel - Cavallo Bianco Dronero (CN)","isPartOf":{"@id":"https:\/\/ilcavallobianco.com\/new\/#website"},"primaryImageOfPage":{"@id":"https:\/\/ilcavallobianco.com\/new\/de\/hotel-de\/#primaryimage"},"image":{"@id":"https:\/\/ilcavallobianco.com\/new\/de\/hotel-de\/#primaryimage"},"thumbnailUrl":"https:\/\/ilcavallobianco.com\/new\/images\/2025\/02\/cambal_a.jpg","datePublished":"2025-02-12T23:39:03+00:00","dateModified":"2025-06-10T10:15:16+00:00","description":"In unserem Hotel finden Sie klassisch eingerichtete Zimmer und andere, in denen die Zeit, abgesehen vom Komfort, still zu stehen scheint...","breadcrumb":{"@id":"https:\/\/ilcavallobianco.com\/new\/de\/hotel-de\/#breadcrumb"},"inLanguage":"it-IT","potentialAction":[{"@type":"ReadAction","target":["https:\/\/ilcavallobianco.com\/new\/de\/hotel-de\/"]}]},{"@type":"ImageObject","inLanguage":"it-IT","@id":"https:\/\/ilcavallobianco.com\/new\/de\/hotel-de\/#primaryimage","url":"https:\/\/ilcavallobianco.com\/new\/images\/2025\/02\/cambal_a.jpg","contentUrl":"https:\/\/ilcavallobianco.com\/new\/images\/2025\/02\/cambal_a.jpg"},{"@type":"BreadcrumbList","@id":"https:\/\/ilcavallobianco.com\/new\/de\/hotel-de\/#breadcrumb","itemListElement":[{"@type":"ListItem","position":1,"name":"Home","item":"https:\/\/ilcavallobianco.com\/new\/"},{"@type":"ListItem","position":2,"name":"Hotel"}]},{"@type":"WebSite","@id":"https:\/\/ilcavallobianco.com\/new\/#website","url":"https:\/\/ilcavallobianco.com\/new\/","name":"Cavallo Bianco Dronero (CN)","description":"Albergo Ristorante Pizzeria a Dronero (CN)","publisher":{"@id":"https:\/\/ilcavallobianco.com\/new\/#organization"},"potentialAction":[{"@type":"SearchAction","target":{"@type":"EntryPoint","urlTemplate":"https:\/\/ilcavallobianco.com\/new\/?s={search_term_string}"},"query-input":{"@type":"PropertyValueSpecification","valueRequired":true,"valueName":"search_term_string"}}],"inLanguage":"it-IT"},{"@type":"Organization","@id":"https:\/\/ilcavallobianco.com\/new\/#organization","name":"Cavallo Bianco Dronero (CN)","url":"https:\/\/ilcavallobianco.com\/new\/","logo":{"@type":"ImageObject","inLanguage":"it-IT","@id":"https:\/\/ilcavallobianco.com\/new\/#\/schema\/logo\/image\/","url":"http:\/\/ilcavallobianco.com\/new\/images\/2025\/02\/logo_cabia.png","contentUrl":"http:\/\/ilcavallobianco.com\/new\/images\/2025\/02\/logo_cabia.png","width":95,"height":95,"caption":"Cavallo Bianco Dronero (CN)"},"image":{"@id":"https:\/\/ilcavallobianco.com\/new\/#\/schema\/logo\/image\/"},"sameAs":["https:\/\/www.facebook.com\/pages\/Ristorante-Cavallo-Bianco-Di-Dronero\/131518253600511"]}]}},"_links":{"self":[{"href":"https:\/\/ilcavallobianco.com\/new\/wp-json\/wp\/v2\/pages\/131","targetHints":{"allow":["GET"]}}],"collection":[{"href":"https:\/\/ilcavallobianco.com\/new\/wp-json\/wp\/v2\/pages"}],"about":[{"href":"https:\/\/ilcavallobianco.com\/new\/wp-json\/wp\/v2\/types\/page"}],"author":[{"embeddable":true,"href":"https:\/\/ilcavallobianco.com\/new\/wp-json\/wp\/v2\/users\/1"}],"replies":[{"embeddable":true,"href":"https:\/\/ilcavallobianco.com\/new\/wp-json\/wp\/v2\/comments?post=131"}],"version-history":[{"count":0,"href":"https:\/\/ilcavallobianco.com\/new\/wp-json\/wp\/v2\/pages\/131\/revisions"}],"wp:attachment":[{"href":"https:\/\/ilcavallobianco.com\/new\/wp-json\/wp\/v2\/media?parent=131"}],"curies":[{"name":"wp","href":"https:\/\/api.w.org\/{rel}","templated":true}]}}