{"id":129,"date":"2025-02-13T00:31:14","date_gmt":"2025-02-12T23:31:14","guid":{"rendered":"https:\/\/ilcavallobianco.com\/new\/?page_id=129"},"modified":"2025-06-10T12:18:34","modified_gmt":"2025-06-10T10:18:34","slug":"restaurant-und-pizzeria","status":"publish","type":"page","link":"https:\/\/ilcavallobianco.com\/new\/de\/restaurant-und-pizzeria\/","title":{"rendered":"Restaurant und Pizzeria"},"content":{"rendered":"<p style=\"width: 450px;\"><a href=\"https:\/\/ilcavallobianco.com\/new\/images\/2025\/02\/sala1_d.jpg\" rel=\"lightbox[129]\"><img decoding=\"async\" class=\" alignleft\" src=\"https:\/\/ilcavallobianco.com\/new\/images\/2025\/02\/sala1_d.jpg\" alt=\"Cavallo Bianco, Dronero\" width=\"150\" height=\"250\" \/><\/a><a href=\"https:\/\/ilcavallobianco.com\/new\/images\/2025\/02\/sala2_e.jpg\" rel=\"lightbox[129]\"><img decoding=\"async\" class=\"alignleft\" src=\"https:\/\/ilcavallobianco.com\/new\/images\/2025\/02\/sala2_e.jpg\" alt=\"Cavallo Bianco, Dronero\" width=\"150\" height=\"150\" \/><\/a><\/p>\n<p style=\"width: 450px;\"><a href=\"https:\/\/ilcavallobianco.com\/new\/images\/2025\/02\/sala3_a.jpg\" rel=\"lightbox[129]\"><img decoding=\"async\" class=\"alignleft wp-image-106\" src=\"https:\/\/ilcavallobianco.com\/new\/images\/2025\/02\/sala3_a.jpg\" alt=\"Cavallo Bianco, Dronero\" width=\"150\" height=\"250\" \/><\/a><a href=\"https:\/\/ilcavallobianco.com\/new\/images\/2025\/02\/dehors.jpg\" rel=\"lightbox[129]\"><img loading=\"lazy\" decoding=\"async\" class=\"alignleft wp-image-134\" src=\"https:\/\/ilcavallobianco.com\/new\/images\/2025\/02\/dehors.jpg\" alt=\"Cavallo Bianco, Dronero\" width=\"150\" height=\"250\" \/><\/a><\/p>\n<p>Unsere vier Saal \u00fcber zwei Etagen stellen 200 Gedecke zur Verf\u00fcgung, der Sommerdehor bietet weitere 100 Gedecke.<\/p>\n<p>Unsere Spezialit\u00e4t ist die piemontesische K\u00fcche. Wir bieten aber auch Fischgerichte an. Das Feedback unserer Kunden zeigt, dass die folgenden Gerichte sehr dem Geschmack der G\u00e4ste entsprechen: Gnocchi und Risotto mit Castelmagno (K\u00e4se D.O.P. aus dem naheliegenden Val Grana), Hirsch mit Polenta, Risotto mit Pilzen und Tartufocreme, Bunet, gef\u00fcllte Pfirsiche, Torten und S\u00fc\u00dfspeisen, die wir auf Nachfrage zubereiten.<\/p>\n<p>Auf Anfrage bereiten wir auch Fritto Misto (fritierte gemischte Meeresfr\u00fcchte) f\u00fcr mindestens 10 Personen zu.<br \/>\nNat\u00fcrlich verf\u00fcgen wir auch \u00fcber ein grosses regionales Weinangebot, die unsere Gerichte begleiten.<\/p>\n<div style=\"padding: 10px; border: dotted 2px #CCC;\"><strong>TOURISTENMENU<br \/>\n<\/strong> Tris (Dreierlei) an Vorspeisen \u2022 Erster Gang nach Wahl \u2022 Zweiter Gang nach Wahl entsprechend unserem Tagesangebot \u2022 Dessert<br \/>\nPreis: <strong>\u20ac 20,00<\/strong> (ohne Getr\u00e4nke)<\/div>\n<div style=\"padding: 10px; border: dotted 2px #CCC;\"><strong>MENU VERKOSTIGUNG<br \/>\n<\/strong> Zwei kalte Vorspeisen + zwei warme Vorspeisen \u2022 Zwei Verk\u00f6stigungen aus dem ersten Gang \u2022 Ein zweiten Gang mit einer Garnitur \u2022 Zwei hausgemachte Desserts<br \/>\nPreis: <strong>\u20ac 40,00<\/strong> (ohne Getr\u00e4nke)<\/div>\n<p><img loading=\"lazy\" decoding=\"async\" class=\"alignleft  wp-image-76\" style=\"border: 0px none;\" src=\"https:\/\/ilcavallobianco.com\/new\/images\/2025\/02\/menu.png\" alt=\"Cavallo Bianco, Dronero\" width=\"153\" height=\"221\" \/><\/p>\n<p><span style=\"padding: 10px; border: dotted 2px #CCC;\"><strong>KARTENMENU<\/strong><\/span><\/p>\n<p>Auswahl aus der reichen Liste an nazionalen und typisch lokalen Gerichten.<\/p>\n<p><span style=\"padding: 10px; border: dotted 2px #CCC;\"><strong>PIZZEN<\/strong> <\/span><\/p>\n<p>Zum Abend bereiten wir ein umfangreiches Angebot an Pizzen (mehr als 40 verschiedene Pizzen) zu.<br \/>\nWir bieten auch ein Ausser-Haus-Verkauf an.<\/p>\n","protected":false},"excerpt":{"rendered":"<p>Unsere vier Saal \u00fcber zwei Etagen stellen 200 Gedecke zur Verf\u00fcgung, der Sommerdehor bietet weitere 100 Gedecke. Unsere Spezialit\u00e4t ist die piemontesische K\u00fcche. Wir bieten aber auch Fischgerichte an. Das Feedback unserer Kunden zeigt, dass die folgenden Gerichte sehr dem Geschmack der G\u00e4ste entsprechen: Gnocchi und Risotto mit Castelmagno (K\u00e4se D.O.P. aus dem naheliegenden Val&hellip;&nbsp;<a href=\"https:\/\/ilcavallobianco.com\/new\/de\/restaurant-und-pizzeria\/\" rel=\"bookmark\">Leggi tutto &raquo;<span class=\"screen-reader-text\">Restaurant und Pizzeria<\/span><\/a><\/p>\n","protected":false},"author":1,"featured_media":0,"parent":0,"menu_order":0,"comment_status":"closed","ping_status":"closed","template":"","meta":{"neve_meta_sidebar":"","neve_meta_container":"","neve_meta_enable_content_width":"","neve_meta_content_width":0,"neve_meta_title_alignment":"","neve_meta_author_avatar":"","neve_post_elements_order":"","neve_meta_disable_header":"","neve_meta_disable_footer":"","neve_meta_disable_title":"","footnotes":""},"class_list":["post-129","page","type-page","status-publish","hentry"],"yoast_head":"<!-- This site is optimized with the Yoast SEO plugin v27.4 - https:\/\/yoast.com\/product\/yoast-seo-wordpress\/ -->\n<title>Restaurant und Pizzeria - Cavallo Bianco Dronero (CN)<\/title>\n<meta name=\"description\" content=\"Vier Zimmer auf zwei Etagen und eine Sommerterrasse. Unsere Spezialit\u00e4t ist die typisch piemontesische K\u00fcche, aber wir bieten auch Fischgerichte an. Fritto Misto Essen auf Reservierung (mindestens 10 Personen)\" \/>\n<meta name=\"robots\" content=\"index, follow, max-snippet:-1, max-image-preview:large, max-video-preview:-1\" \/>\n<link rel=\"canonical\" href=\"https:\/\/ilcavallobianco.com\/new\/de\/restaurant-und-pizzeria\/\" \/>\n<meta property=\"og:locale\" content=\"it_IT\" \/>\n<meta property=\"og:type\" content=\"article\" \/>\n<meta property=\"og:title\" content=\"Restaurant und Pizzeria - Cavallo Bianco Dronero (CN)\" \/>\n<meta property=\"og:description\" content=\"Vier Zimmer auf zwei Etagen und eine Sommerterrasse. Unsere Spezialit\u00e4t ist die typisch piemontesische K\u00fcche, aber wir bieten auch Fischgerichte an. Fritto Misto Essen auf Reservierung (mindestens 10 Personen)\" \/>\n<meta property=\"og:url\" content=\"https:\/\/ilcavallobianco.com\/new\/de\/restaurant-und-pizzeria\/\" \/>\n<meta property=\"og:site_name\" content=\"Cavallo Bianco Dronero (CN)\" \/>\n<meta property=\"article:publisher\" content=\"https:\/\/www.facebook.com\/pages\/Ristorante-Cavallo-Bianco-Di-Dronero\/131518253600511\" \/>\n<meta property=\"article:modified_time\" content=\"2025-06-10T10:18:34+00:00\" \/>\n<meta property=\"og:image\" content=\"https:\/\/ilcavallobianco.com\/new\/images\/2025\/02\/sala1_d.jpg\" \/>\n<meta name=\"twitter:card\" content=\"summary_large_image\" \/>\n<meta name=\"twitter:label1\" content=\"Tempo di lettura stimato\" \/>\n\t<meta name=\"twitter:data1\" content=\"3 minuti\" \/>\n<script type=\"application\/ld+json\" class=\"yoast-schema-graph\">{\"@context\":\"https:\\\/\\\/schema.org\",\"@graph\":[{\"@type\":\"WebPage\",\"@id\":\"https:\\\/\\\/ilcavallobianco.com\\\/new\\\/de\\\/restaurant-und-pizzeria\\\/\",\"url\":\"https:\\\/\\\/ilcavallobianco.com\\\/new\\\/de\\\/restaurant-und-pizzeria\\\/\",\"name\":\"Restaurant und Pizzeria - Cavallo Bianco Dronero (CN)\",\"isPartOf\":{\"@id\":\"https:\\\/\\\/ilcavallobianco.com\\\/new\\\/#website\"},\"primaryImageOfPage\":{\"@id\":\"https:\\\/\\\/ilcavallobianco.com\\\/new\\\/de\\\/restaurant-und-pizzeria\\\/#primaryimage\"},\"image\":{\"@id\":\"https:\\\/\\\/ilcavallobianco.com\\\/new\\\/de\\\/restaurant-und-pizzeria\\\/#primaryimage\"},\"thumbnailUrl\":\"https:\\\/\\\/ilcavallobianco.com\\\/new\\\/images\\\/2025\\\/02\\\/sala1_d.jpg\",\"datePublished\":\"2025-02-12T23:31:14+00:00\",\"dateModified\":\"2025-06-10T10:18:34+00:00\",\"description\":\"Vier Zimmer auf zwei Etagen und eine Sommerterrasse. Unsere Spezialit\u00e4t ist die typisch piemontesische K\u00fcche, aber wir bieten auch Fischgerichte an. Fritto Misto Essen auf Reservierung (mindestens 10 Personen)\",\"breadcrumb\":{\"@id\":\"https:\\\/\\\/ilcavallobianco.com\\\/new\\\/de\\\/restaurant-und-pizzeria\\\/#breadcrumb\"},\"inLanguage\":\"it-IT\",\"potentialAction\":[{\"@type\":\"ReadAction\",\"target\":[\"https:\\\/\\\/ilcavallobianco.com\\\/new\\\/de\\\/restaurant-und-pizzeria\\\/\"]}]},{\"@type\":\"ImageObject\",\"inLanguage\":\"it-IT\",\"@id\":\"https:\\\/\\\/ilcavallobianco.com\\\/new\\\/de\\\/restaurant-und-pizzeria\\\/#primaryimage\",\"url\":\"https:\\\/\\\/ilcavallobianco.com\\\/new\\\/images\\\/2025\\\/02\\\/sala1_d.jpg\",\"contentUrl\":\"https:\\\/\\\/ilcavallobianco.com\\\/new\\\/images\\\/2025\\\/02\\\/sala1_d.jpg\"},{\"@type\":\"BreadcrumbList\",\"@id\":\"https:\\\/\\\/ilcavallobianco.com\\\/new\\\/de\\\/restaurant-und-pizzeria\\\/#breadcrumb\",\"itemListElement\":[{\"@type\":\"ListItem\",\"position\":1,\"name\":\"Home\",\"item\":\"https:\\\/\\\/ilcavallobianco.com\\\/new\\\/\"},{\"@type\":\"ListItem\",\"position\":2,\"name\":\"Restaurant und Pizzeria\"}]},{\"@type\":\"WebSite\",\"@id\":\"https:\\\/\\\/ilcavallobianco.com\\\/new\\\/#website\",\"url\":\"https:\\\/\\\/ilcavallobianco.com\\\/new\\\/\",\"name\":\"Cavallo Bianco Dronero (CN)\",\"description\":\"Albergo Ristorante Pizzeria a Dronero (CN)\",\"publisher\":{\"@id\":\"https:\\\/\\\/ilcavallobianco.com\\\/new\\\/#organization\"},\"potentialAction\":[{\"@type\":\"SearchAction\",\"target\":{\"@type\":\"EntryPoint\",\"urlTemplate\":\"https:\\\/\\\/ilcavallobianco.com\\\/new\\\/?s={search_term_string}\"},\"query-input\":{\"@type\":\"PropertyValueSpecification\",\"valueRequired\":true,\"valueName\":\"search_term_string\"}}],\"inLanguage\":\"it-IT\"},{\"@type\":\"Organization\",\"@id\":\"https:\\\/\\\/ilcavallobianco.com\\\/new\\\/#organization\",\"name\":\"Cavallo Bianco Dronero (CN)\",\"url\":\"https:\\\/\\\/ilcavallobianco.com\\\/new\\\/\",\"logo\":{\"@type\":\"ImageObject\",\"inLanguage\":\"it-IT\",\"@id\":\"https:\\\/\\\/ilcavallobianco.com\\\/new\\\/#\\\/schema\\\/logo\\\/image\\\/\",\"url\":\"http:\\\/\\\/ilcavallobianco.com\\\/new\\\/images\\\/2025\\\/02\\\/logo_cabia.png\",\"contentUrl\":\"http:\\\/\\\/ilcavallobianco.com\\\/new\\\/images\\\/2025\\\/02\\\/logo_cabia.png\",\"width\":95,\"height\":95,\"caption\":\"Cavallo Bianco Dronero (CN)\"},\"image\":{\"@id\":\"https:\\\/\\\/ilcavallobianco.com\\\/new\\\/#\\\/schema\\\/logo\\\/image\\\/\"},\"sameAs\":[\"https:\\\/\\\/www.facebook.com\\\/pages\\\/Ristorante-Cavallo-Bianco-Di-Dronero\\\/131518253600511\"]}]}<\/script>\n<!-- \/ Yoast SEO plugin. -->","yoast_head_json":{"title":"Restaurant und Pizzeria - Cavallo Bianco Dronero (CN)","description":"Vier Zimmer auf zwei Etagen und eine Sommerterrasse. Unsere Spezialit\u00e4t ist die typisch piemontesische K\u00fcche, aber wir bieten auch Fischgerichte an. Fritto Misto Essen auf Reservierung (mindestens 10 Personen)","robots":{"index":"index","follow":"follow","max-snippet":"max-snippet:-1","max-image-preview":"max-image-preview:large","max-video-preview":"max-video-preview:-1"},"canonical":"https:\/\/ilcavallobianco.com\/new\/de\/restaurant-und-pizzeria\/","og_locale":"it_IT","og_type":"article","og_title":"Restaurant und Pizzeria - Cavallo Bianco Dronero (CN)","og_description":"Vier Zimmer auf zwei Etagen und eine Sommerterrasse. Unsere Spezialit\u00e4t ist die typisch piemontesische K\u00fcche, aber wir bieten auch Fischgerichte an. Fritto Misto Essen auf Reservierung (mindestens 10 Personen)","og_url":"https:\/\/ilcavallobianco.com\/new\/de\/restaurant-und-pizzeria\/","og_site_name":"Cavallo Bianco Dronero (CN)","article_publisher":"https:\/\/www.facebook.com\/pages\/Ristorante-Cavallo-Bianco-Di-Dronero\/131518253600511","article_modified_time":"2025-06-10T10:18:34+00:00","og_image":[{"url":"https:\/\/ilcavallobianco.com\/new\/images\/2025\/02\/sala1_d.jpg","type":"","width":"","height":""}],"twitter_card":"summary_large_image","twitter_misc":{"Tempo di lettura stimato":"3 minuti"},"schema":{"@context":"https:\/\/schema.org","@graph":[{"@type":"WebPage","@id":"https:\/\/ilcavallobianco.com\/new\/de\/restaurant-und-pizzeria\/","url":"https:\/\/ilcavallobianco.com\/new\/de\/restaurant-und-pizzeria\/","name":"Restaurant und Pizzeria - Cavallo Bianco Dronero (CN)","isPartOf":{"@id":"https:\/\/ilcavallobianco.com\/new\/#website"},"primaryImageOfPage":{"@id":"https:\/\/ilcavallobianco.com\/new\/de\/restaurant-und-pizzeria\/#primaryimage"},"image":{"@id":"https:\/\/ilcavallobianco.com\/new\/de\/restaurant-und-pizzeria\/#primaryimage"},"thumbnailUrl":"https:\/\/ilcavallobianco.com\/new\/images\/2025\/02\/sala1_d.jpg","datePublished":"2025-02-12T23:31:14+00:00","dateModified":"2025-06-10T10:18:34+00:00","description":"Vier Zimmer auf zwei Etagen und eine Sommerterrasse. Unsere Spezialit\u00e4t ist die typisch piemontesische K\u00fcche, aber wir bieten auch Fischgerichte an. Fritto Misto Essen auf Reservierung (mindestens 10 Personen)","breadcrumb":{"@id":"https:\/\/ilcavallobianco.com\/new\/de\/restaurant-und-pizzeria\/#breadcrumb"},"inLanguage":"it-IT","potentialAction":[{"@type":"ReadAction","target":["https:\/\/ilcavallobianco.com\/new\/de\/restaurant-und-pizzeria\/"]}]},{"@type":"ImageObject","inLanguage":"it-IT","@id":"https:\/\/ilcavallobianco.com\/new\/de\/restaurant-und-pizzeria\/#primaryimage","url":"https:\/\/ilcavallobianco.com\/new\/images\/2025\/02\/sala1_d.jpg","contentUrl":"https:\/\/ilcavallobianco.com\/new\/images\/2025\/02\/sala1_d.jpg"},{"@type":"BreadcrumbList","@id":"https:\/\/ilcavallobianco.com\/new\/de\/restaurant-und-pizzeria\/#breadcrumb","itemListElement":[{"@type":"ListItem","position":1,"name":"Home","item":"https:\/\/ilcavallobianco.com\/new\/"},{"@type":"ListItem","position":2,"name":"Restaurant und Pizzeria"}]},{"@type":"WebSite","@id":"https:\/\/ilcavallobianco.com\/new\/#website","url":"https:\/\/ilcavallobianco.com\/new\/","name":"Cavallo Bianco Dronero (CN)","description":"Albergo Ristorante Pizzeria a Dronero (CN)","publisher":{"@id":"https:\/\/ilcavallobianco.com\/new\/#organization"},"potentialAction":[{"@type":"SearchAction","target":{"@type":"EntryPoint","urlTemplate":"https:\/\/ilcavallobianco.com\/new\/?s={search_term_string}"},"query-input":{"@type":"PropertyValueSpecification","valueRequired":true,"valueName":"search_term_string"}}],"inLanguage":"it-IT"},{"@type":"Organization","@id":"https:\/\/ilcavallobianco.com\/new\/#organization","name":"Cavallo Bianco Dronero (CN)","url":"https:\/\/ilcavallobianco.com\/new\/","logo":{"@type":"ImageObject","inLanguage":"it-IT","@id":"https:\/\/ilcavallobianco.com\/new\/#\/schema\/logo\/image\/","url":"http:\/\/ilcavallobianco.com\/new\/images\/2025\/02\/logo_cabia.png","contentUrl":"http:\/\/ilcavallobianco.com\/new\/images\/2025\/02\/logo_cabia.png","width":95,"height":95,"caption":"Cavallo Bianco Dronero (CN)"},"image":{"@id":"https:\/\/ilcavallobianco.com\/new\/#\/schema\/logo\/image\/"},"sameAs":["https:\/\/www.facebook.com\/pages\/Ristorante-Cavallo-Bianco-Di-Dronero\/131518253600511"]}]}},"_links":{"self":[{"href":"https:\/\/ilcavallobianco.com\/new\/wp-json\/wp\/v2\/pages\/129","targetHints":{"allow":["GET"]}}],"collection":[{"href":"https:\/\/ilcavallobianco.com\/new\/wp-json\/wp\/v2\/pages"}],"about":[{"href":"https:\/\/ilcavallobianco.com\/new\/wp-json\/wp\/v2\/types\/page"}],"author":[{"embeddable":true,"href":"https:\/\/ilcavallobianco.com\/new\/wp-json\/wp\/v2\/users\/1"}],"replies":[{"embeddable":true,"href":"https:\/\/ilcavallobianco.com\/new\/wp-json\/wp\/v2\/comments?post=129"}],"version-history":[{"count":0,"href":"https:\/\/ilcavallobianco.com\/new\/wp-json\/wp\/v2\/pages\/129\/revisions"}],"wp:attachment":[{"href":"https:\/\/ilcavallobianco.com\/new\/wp-json\/wp\/v2\/media?parent=129"}],"curies":[{"name":"wp","href":"https:\/\/api.w.org\/{rel}","templated":true}]}}