{"id":125,"date":"2025-02-12T23:58:46","date_gmt":"2025-02-12T22:58:46","guid":{"rendered":"https:\/\/ilcavallobianco.com\/new\/?page_id=125"},"modified":"2025-02-13T16:57:00","modified_gmt":"2025-02-13T15:57:00","slug":"willkommen","status":"publish","type":"page","link":"https:\/\/ilcavallobianco.com\/new\/de\/willkommen\/","title":{"rendered":"Willkommen!"},"content":{"rendered":"<p style=\"width: 450px;\">\n<figure style=\"width: 250px\" class=\"wp-caption alignleft\"><a href=\"https:\/\/ilcavallobianco.com\/new\/images\/2025\/02\/recep_a.jpg\" rel=\"lightbox[welcome]\"><img fetchpriority=\"high\" decoding=\"async\" \"Ingresso\" src=\"https:\/\/ilcavallobianco.com\/new\/images\/2025\/02\/recep_a.jpg\" width=\"250\" height=\"280\" \/><\/a><figcaption class=\"wp-caption-text\">Click f\u00fcr weitere Fotos<\/figcaption><\/figure>\n<p><a href=\"https:\/\/ilcavallobianco.com\/new\/images\/2025\/02\/recep_b.jpg\" rel=\"lightbox[welcome]\"><\/a><a href=\"https:\/\/ilcavallobianco.com\/new\/images\/2025\/02\/scale_b.jpg\" rel=\"lightbox[welcome]\"><\/a><a href=\"https:\/\/ilcavallobianco.com\/new\/images\/2025\/02\/corr_c.jpg\" rel=\"lightbox[welcome]\"><\/a><a  href=\"https:\/\/ilcavallobianco.com\/new\/images\/2025\/02\/sala2_d.jpg\" rel=\"lightbox[welcome]\"><\/a><a href=\"https:\/\/ilcavallobianco.com\/new\/images\/2025\/02\/sala2_a.jpg\" rel=\"lightbox[welcome]\"><\/a><br \/>\n<a href=\"https:\/\/ilcavallobianco.com\/new\/images\/2025\/02\/sala2_f.jpg\" rel=\"lightbox[welcome]\"><\/a><a href=\"https:\/\/ilcavallobianco.com\/new\/images\/2025\/02\/scale_a.jpg\" rel=\"lightbox[welcome]\"><\/a><a href=\"https:\/\/ilcavallobianco.com\/new\/images\/2025\/02\/corr_e.jpg\" rel=\"lightbox[welcome]\"><\/a><a href=\"https:\/\/ilcavallobianco.com\/new\/images\/2025\/02\/cambal_a.jpg\" rel=\"lightbox[welcome]\"><\/a><a href=\"https:\/\/ilcavallobianco.com\/new\/images\/2025\/02\/casa.jpg\" rel=\"lightbox[welcome]\"><\/a><a href=\"https:\/\/ilcavallobianco.com\/new\/images\/2025\/02\/stairs.jpg\" rel=\"lightbox[welcome]\"><\/a><\/p>\n<p>Herzlich Willkommen \u2013 wir stellen uns vor&#8230;<br \/>\nDas &#8220;Cavallo Bianco&#8221; befindet sich an einem grazi\u00f6sem Pl\u00e4tzchen im historischen Zentrum von Dronero. Die Stadt hat ca. 7.000 Einwohner und ist nur ca. 20 km von Cuneo entfernt.<\/p>\n<p>Unsere Aufmerksamkeit gegen\u00fcber den Kundenerwartungen sowie das historische Arbeitsumfeld machen sowohl einen kurzen Besuch als auch einen Aufenthalt in unserem Geb\u00e4ude unvergesslich.<\/p>\n<p>Das Leben in Dronero ist noch durch ein ruhiges uns ausgeglichenes Ambiente  gekennzeichnet. Diese Ruhe spiegelt sich in der warmen Atmosph\u00e4re unseres Geb\u00e4udes wieder, das im 17. Jahrhundert errichtet wurde. Die letzte Restaurierung hat seine Originalit\u00e4t verbessert und das urspr\u00fcngliche Aussehen erhalten.<\/p>\n<p>Unsere <a href=\"https:\/\/ilcavallobianco.com\/new\/de\/restaurant-und-pizzeria\/\">R\u00e4umlichkeiten<\/a> sind sowohl geeignet f\u00fcr Mittagspausen als auch f\u00fcr dienstliche Abendessen. Wir verf\u00fcgen \u00fcber weitere S\u00e4le, die in ihrer historischen Gestaltung und Ausstattung erhalten geblieben sind und sich besonders fur Buffet\u2019s, Empf\u00e4nge, Hochzeiten oder andere Feierlichkeiten eignen. Das Men\u00fc umfasst die piemontesische und lokale K\u00fcche.<\/p>\n<p>In unserem <a href=\"https:\/\/ilcavallobianco.com\/new\/de\/hotel-de\/\">Hotel<\/a> befinden sich neben den normal eingerichteten Zimmern auch solche, in denen die Zeit still gestehen zu blieben scheint.<\/p>\n<p>Die geografische Position und der lange geschichtliche Hintergrund <a href=\"https:\/\/ilcavallobianco.com\/new\/de\/aktivitaten\/\">Dronero<\/a>\u2019s machen die Stadt zu einem unvermeindlichem Reiseziel, sowohl f\u00fcr diejenigen, die schon hier gewesen sind, als auch f\u00fcr alle anderen, die auf der Suche nach einem versteckten Schatz sind. Das &#8220;Cavallo Bianco&#8221; ist hierf\u00fcr ein idealer Ausgangspunkt.<\/p>\n","protected":false},"excerpt":{"rendered":"<p>Click f\u00fcr weitere Fotos Herzlich Willkommen \u2013 wir stellen uns vor&#8230; Das &#8220;Cavallo Bianco&#8221; befindet sich an einem grazi\u00f6sem Pl\u00e4tzchen im historischen Zentrum von Dronero. Die Stadt hat ca. 7.000 Einwohner und ist nur ca. 20 km von Cuneo entfernt. Unsere Aufmerksamkeit gegen\u00fcber den Kundenerwartungen sowie das historische Arbeitsumfeld machen sowohl einen kurzen Besuch als&hellip;&nbsp;<a href=\"https:\/\/ilcavallobianco.com\/new\/de\/willkommen\/\" rel=\"bookmark\">Leggi tutto &raquo;<span class=\"screen-reader-text\">Willkommen!<\/span><\/a><\/p>\n","protected":false},"author":1,"featured_media":0,"parent":0,"menu_order":0,"comment_status":"closed","ping_status":"closed","template":"","meta":{"neve_meta_sidebar":"","neve_meta_container":"","neve_meta_enable_content_width":"","neve_meta_content_width":0,"neve_meta_title_alignment":"","neve_meta_author_avatar":"","neve_post_elements_order":"","neve_meta_disable_header":"","neve_meta_disable_footer":"","neve_meta_disable_title":"","footnotes":""},"class_list":["post-125","page","type-page","status-publish","hentry"],"yoast_head":"<!-- This site is optimized with the Yoast SEO plugin v27.4 - https:\/\/yoast.com\/product\/yoast-seo-wordpress\/ -->\n<title>Willkommen! - Cavallo Bianco Dronero (CN)<\/title>\n<meta name=\"description\" content=\"Unsere Anlage liegt an einem h\u00fcbschen kleinen Platz im historischen Zentrum von Dronero, einer Stadt etwa 20 Kilometer von der Hauptstadt Cuneo entfernt.\" \/>\n<meta name=\"robots\" content=\"index, follow, max-snippet:-1, max-image-preview:large, max-video-preview:-1\" \/>\n<link rel=\"canonical\" href=\"https:\/\/ilcavallobianco.com\/new\/de\/willkommen\/\" \/>\n<meta property=\"og:locale\" content=\"it_IT\" \/>\n<meta property=\"og:type\" content=\"article\" \/>\n<meta property=\"og:title\" content=\"Willkommen! - Cavallo Bianco Dronero (CN)\" \/>\n<meta property=\"og:description\" content=\"Unsere Anlage liegt an einem h\u00fcbschen kleinen Platz im historischen Zentrum von Dronero, einer Stadt etwa 20 Kilometer von der Hauptstadt Cuneo entfernt.\" \/>\n<meta property=\"og:url\" content=\"https:\/\/ilcavallobianco.com\/new\/de\/willkommen\/\" \/>\n<meta property=\"og:site_name\" content=\"Cavallo Bianco Dronero (CN)\" \/>\n<meta property=\"article:publisher\" content=\"https:\/\/www.facebook.com\/pages\/Ristorante-Cavallo-Bianco-Di-Dronero\/131518253600511\" \/>\n<meta property=\"article:modified_time\" content=\"2025-02-13T15:57:00+00:00\" \/>\n<meta property=\"og:image\" content=\"https:\/\/ilcavallobianco.com\/new\/images\/2025\/02\/recep_a.jpg\" \/>\n<meta name=\"twitter:card\" content=\"summary_large_image\" \/>\n<meta name=\"twitter:label1\" content=\"Tempo di lettura stimato\" \/>\n\t<meta name=\"twitter:data1\" content=\"2 minuti\" \/>\n<script type=\"application\/ld+json\" class=\"yoast-schema-graph\">{\"@context\":\"https:\\\/\\\/schema.org\",\"@graph\":[{\"@type\":\"WebPage\",\"@id\":\"https:\\\/\\\/ilcavallobianco.com\\\/new\\\/de\\\/willkommen\\\/\",\"url\":\"https:\\\/\\\/ilcavallobianco.com\\\/new\\\/de\\\/willkommen\\\/\",\"name\":\"Willkommen! - Cavallo Bianco Dronero (CN)\",\"isPartOf\":{\"@id\":\"https:\\\/\\\/ilcavallobianco.com\\\/new\\\/#website\"},\"primaryImageOfPage\":{\"@id\":\"https:\\\/\\\/ilcavallobianco.com\\\/new\\\/de\\\/willkommen\\\/#primaryimage\"},\"image\":{\"@id\":\"https:\\\/\\\/ilcavallobianco.com\\\/new\\\/de\\\/willkommen\\\/#primaryimage\"},\"thumbnailUrl\":\"https:\\\/\\\/ilcavallobianco.com\\\/new\\\/images\\\/2025\\\/02\\\/recep_a.jpg\",\"datePublished\":\"2025-02-12T22:58:46+00:00\",\"dateModified\":\"2025-02-13T15:57:00+00:00\",\"description\":\"Unsere Anlage liegt an einem h\u00fcbschen kleinen Platz im historischen Zentrum von Dronero, einer Stadt etwa 20 Kilometer von der Hauptstadt Cuneo entfernt.\",\"breadcrumb\":{\"@id\":\"https:\\\/\\\/ilcavallobianco.com\\\/new\\\/de\\\/willkommen\\\/#breadcrumb\"},\"inLanguage\":\"it-IT\",\"potentialAction\":[{\"@type\":\"ReadAction\",\"target\":[\"https:\\\/\\\/ilcavallobianco.com\\\/new\\\/de\\\/willkommen\\\/\"]}]},{\"@type\":\"ImageObject\",\"inLanguage\":\"it-IT\",\"@id\":\"https:\\\/\\\/ilcavallobianco.com\\\/new\\\/de\\\/willkommen\\\/#primaryimage\",\"url\":\"https:\\\/\\\/ilcavallobianco.com\\\/new\\\/images\\\/2025\\\/02\\\/recep_a.jpg\",\"contentUrl\":\"https:\\\/\\\/ilcavallobianco.com\\\/new\\\/images\\\/2025\\\/02\\\/recep_a.jpg\"},{\"@type\":\"BreadcrumbList\",\"@id\":\"https:\\\/\\\/ilcavallobianco.com\\\/new\\\/de\\\/willkommen\\\/#breadcrumb\",\"itemListElement\":[{\"@type\":\"ListItem\",\"position\":1,\"name\":\"Home\",\"item\":\"https:\\\/\\\/ilcavallobianco.com\\\/new\\\/\"},{\"@type\":\"ListItem\",\"position\":2,\"name\":\"Willkommen!\"}]},{\"@type\":\"WebSite\",\"@id\":\"https:\\\/\\\/ilcavallobianco.com\\\/new\\\/#website\",\"url\":\"https:\\\/\\\/ilcavallobianco.com\\\/new\\\/\",\"name\":\"Cavallo Bianco Dronero (CN)\",\"description\":\"Albergo Ristorante Pizzeria a Dronero (CN)\",\"publisher\":{\"@id\":\"https:\\\/\\\/ilcavallobianco.com\\\/new\\\/#organization\"},\"potentialAction\":[{\"@type\":\"SearchAction\",\"target\":{\"@type\":\"EntryPoint\",\"urlTemplate\":\"https:\\\/\\\/ilcavallobianco.com\\\/new\\\/?s={search_term_string}\"},\"query-input\":{\"@type\":\"PropertyValueSpecification\",\"valueRequired\":true,\"valueName\":\"search_term_string\"}}],\"inLanguage\":\"it-IT\"},{\"@type\":\"Organization\",\"@id\":\"https:\\\/\\\/ilcavallobianco.com\\\/new\\\/#organization\",\"name\":\"Cavallo Bianco Dronero (CN)\",\"url\":\"https:\\\/\\\/ilcavallobianco.com\\\/new\\\/\",\"logo\":{\"@type\":\"ImageObject\",\"inLanguage\":\"it-IT\",\"@id\":\"https:\\\/\\\/ilcavallobianco.com\\\/new\\\/#\\\/schema\\\/logo\\\/image\\\/\",\"url\":\"http:\\\/\\\/ilcavallobianco.com\\\/new\\\/images\\\/2025\\\/02\\\/logo_cabia.png\",\"contentUrl\":\"http:\\\/\\\/ilcavallobianco.com\\\/new\\\/images\\\/2025\\\/02\\\/logo_cabia.png\",\"width\":95,\"height\":95,\"caption\":\"Cavallo Bianco Dronero (CN)\"},\"image\":{\"@id\":\"https:\\\/\\\/ilcavallobianco.com\\\/new\\\/#\\\/schema\\\/logo\\\/image\\\/\"},\"sameAs\":[\"https:\\\/\\\/www.facebook.com\\\/pages\\\/Ristorante-Cavallo-Bianco-Di-Dronero\\\/131518253600511\"]}]}<\/script>\n<!-- \/ Yoast SEO plugin. -->","yoast_head_json":{"title":"Willkommen! - Cavallo Bianco Dronero (CN)","description":"Unsere Anlage liegt an einem h\u00fcbschen kleinen Platz im historischen Zentrum von Dronero, einer Stadt etwa 20 Kilometer von der Hauptstadt Cuneo entfernt.","robots":{"index":"index","follow":"follow","max-snippet":"max-snippet:-1","max-image-preview":"max-image-preview:large","max-video-preview":"max-video-preview:-1"},"canonical":"https:\/\/ilcavallobianco.com\/new\/de\/willkommen\/","og_locale":"it_IT","og_type":"article","og_title":"Willkommen! - Cavallo Bianco Dronero (CN)","og_description":"Unsere Anlage liegt an einem h\u00fcbschen kleinen Platz im historischen Zentrum von Dronero, einer Stadt etwa 20 Kilometer von der Hauptstadt Cuneo entfernt.","og_url":"https:\/\/ilcavallobianco.com\/new\/de\/willkommen\/","og_site_name":"Cavallo Bianco Dronero (CN)","article_publisher":"https:\/\/www.facebook.com\/pages\/Ristorante-Cavallo-Bianco-Di-Dronero\/131518253600511","article_modified_time":"2025-02-13T15:57:00+00:00","og_image":[{"url":"https:\/\/ilcavallobianco.com\/new\/images\/2025\/02\/recep_a.jpg","type":"","width":"","height":""}],"twitter_card":"summary_large_image","twitter_misc":{"Tempo di lettura stimato":"2 minuti"},"schema":{"@context":"https:\/\/schema.org","@graph":[{"@type":"WebPage","@id":"https:\/\/ilcavallobianco.com\/new\/de\/willkommen\/","url":"https:\/\/ilcavallobianco.com\/new\/de\/willkommen\/","name":"Willkommen! - Cavallo Bianco Dronero (CN)","isPartOf":{"@id":"https:\/\/ilcavallobianco.com\/new\/#website"},"primaryImageOfPage":{"@id":"https:\/\/ilcavallobianco.com\/new\/de\/willkommen\/#primaryimage"},"image":{"@id":"https:\/\/ilcavallobianco.com\/new\/de\/willkommen\/#primaryimage"},"thumbnailUrl":"https:\/\/ilcavallobianco.com\/new\/images\/2025\/02\/recep_a.jpg","datePublished":"2025-02-12T22:58:46+00:00","dateModified":"2025-02-13T15:57:00+00:00","description":"Unsere Anlage liegt an einem h\u00fcbschen kleinen Platz im historischen Zentrum von Dronero, einer Stadt etwa 20 Kilometer von der Hauptstadt Cuneo entfernt.","breadcrumb":{"@id":"https:\/\/ilcavallobianco.com\/new\/de\/willkommen\/#breadcrumb"},"inLanguage":"it-IT","potentialAction":[{"@type":"ReadAction","target":["https:\/\/ilcavallobianco.com\/new\/de\/willkommen\/"]}]},{"@type":"ImageObject","inLanguage":"it-IT","@id":"https:\/\/ilcavallobianco.com\/new\/de\/willkommen\/#primaryimage","url":"https:\/\/ilcavallobianco.com\/new\/images\/2025\/02\/recep_a.jpg","contentUrl":"https:\/\/ilcavallobianco.com\/new\/images\/2025\/02\/recep_a.jpg"},{"@type":"BreadcrumbList","@id":"https:\/\/ilcavallobianco.com\/new\/de\/willkommen\/#breadcrumb","itemListElement":[{"@type":"ListItem","position":1,"name":"Home","item":"https:\/\/ilcavallobianco.com\/new\/"},{"@type":"ListItem","position":2,"name":"Willkommen!"}]},{"@type":"WebSite","@id":"https:\/\/ilcavallobianco.com\/new\/#website","url":"https:\/\/ilcavallobianco.com\/new\/","name":"Cavallo Bianco Dronero (CN)","description":"Albergo Ristorante Pizzeria a Dronero (CN)","publisher":{"@id":"https:\/\/ilcavallobianco.com\/new\/#organization"},"potentialAction":[{"@type":"SearchAction","target":{"@type":"EntryPoint","urlTemplate":"https:\/\/ilcavallobianco.com\/new\/?s={search_term_string}"},"query-input":{"@type":"PropertyValueSpecification","valueRequired":true,"valueName":"search_term_string"}}],"inLanguage":"it-IT"},{"@type":"Organization","@id":"https:\/\/ilcavallobianco.com\/new\/#organization","name":"Cavallo Bianco Dronero (CN)","url":"https:\/\/ilcavallobianco.com\/new\/","logo":{"@type":"ImageObject","inLanguage":"it-IT","@id":"https:\/\/ilcavallobianco.com\/new\/#\/schema\/logo\/image\/","url":"http:\/\/ilcavallobianco.com\/new\/images\/2025\/02\/logo_cabia.png","contentUrl":"http:\/\/ilcavallobianco.com\/new\/images\/2025\/02\/logo_cabia.png","width":95,"height":95,"caption":"Cavallo Bianco Dronero (CN)"},"image":{"@id":"https:\/\/ilcavallobianco.com\/new\/#\/schema\/logo\/image\/"},"sameAs":["https:\/\/www.facebook.com\/pages\/Ristorante-Cavallo-Bianco-Di-Dronero\/131518253600511"]}]}},"_links":{"self":[{"href":"https:\/\/ilcavallobianco.com\/new\/wp-json\/wp\/v2\/pages\/125","targetHints":{"allow":["GET"]}}],"collection":[{"href":"https:\/\/ilcavallobianco.com\/new\/wp-json\/wp\/v2\/pages"}],"about":[{"href":"https:\/\/ilcavallobianco.com\/new\/wp-json\/wp\/v2\/types\/page"}],"author":[{"embeddable":true,"href":"https:\/\/ilcavallobianco.com\/new\/wp-json\/wp\/v2\/users\/1"}],"replies":[{"embeddable":true,"href":"https:\/\/ilcavallobianco.com\/new\/wp-json\/wp\/v2\/comments?post=125"}],"version-history":[{"count":0,"href":"https:\/\/ilcavallobianco.com\/new\/wp-json\/wp\/v2\/pages\/125\/revisions"}],"wp:attachment":[{"href":"https:\/\/ilcavallobianco.com\/new\/wp-json\/wp\/v2\/media?parent=125"}],"curies":[{"name":"wp","href":"https:\/\/api.w.org\/{rel}","templated":true}]}}