{"id":123,"date":"2025-02-12T23:31:46","date_gmt":"2025-02-12T22:31:46","guid":{"rendered":"https:\/\/ilcavallobianco.com\/new\/?page_id=123"},"modified":"2025-02-12T23:31:47","modified_gmt":"2025-02-12T22:31:47","slug":"datenschutz-und-cookie-richtlinien","status":"publish","type":"page","link":"https:\/\/ilcavallobianco.com\/new\/de\/datenschutz-und-cookie-richtlinien\/","title":{"rendered":"Datenschutz- und Cookie-Richtlinien"},"content":{"rendered":"<h5>KURZE INFORMATIONEN<\/h5>\n<p>Gem\u00e4\u00df der EU-Verordnung 2016\/679 (GDPR) verpflichten wir uns zum Schutz Ihrer Privatsph\u00e4re bei der Verarbeitung von PERS\u00d6NLICHEN DATEN, die Sie freiwillig f\u00fcr die Beantragung bestimmter Dienstleistungen zur Verf\u00fcgung stellen und \/ oder kontaktiert werden sollen.<br \/>\nDiese Website verwendet nur &#8220;technische&#8221; Cookies, die f\u00fcr eine bessere Verwendung durch den Besucher und zum Sammeln anonymer Informationen \u00fcber Besuche auf der Website erforderlich sind.<br \/>\nDurch das Durchsuchen der WEBSITE stimmen Sie der Verwendung von Cookies gem\u00e4\u00df dieser Richtlinie zu. Denken Sie daran, dass Cookies, die auf der Festplatte Ihres Ger\u00e4ts gespeichert sind, jederzeit gel\u00f6scht werden k\u00f6nnen. Wenn Sie der Verwendung von Cookies auf diese Weise nicht zustimmen, k\u00f6nnen Sie unsere Website nicht verwenden oder die Verwendung von Cookies deaktivieren. Befolgen Sie dabei die Anweisungen der einzelnen Browser: Internet Explorer, Chrome, Firefox, Opera, Safari usw. Wir weisen Sie jedoch darauf hin, dass die Einstellung des Browsers, Cookies deaktiviert, die Browser-Erfahrung auf Websites beeintr\u00e4chtigen kann.<br \/>\nHALTER der Behandlung ist:<br \/>\nCinzia Belliardo (Cavallo Bianco, albergo ristorante pizzeria), info@ilcavallobianco.com<\/p>\n<h5>ERWEITERTE INFORMATIONEN<\/h5>\n<p>\u2022 <a href=\"#premessa\">Einleitung<\/a><br \/>\n\u2022 <a href=\"#oggetto-trattamento\">Personenbezogene Daten, die der Verarbeitung unterliegen<\/a><br \/>\n\u2022 <a href=\"#cookie-policy\">Cookie-Richtlinie<\/a><br \/>\n\u2022 <a href=\"#finalita-trattamento\">Zweck der Behandlung<\/a><br \/>\n\u2022 <a href=\"#destinatari-dati\">Empf\u00e4nger personenbezogener Daten<\/a><br \/>\n\u2022 <a href=\"#conservazione-dati\">Datenaufbewahrung<\/a><br \/>\n\u2022 <a href=\"#diritti-soggetto\">Rechte des Interessenten<\/a><br \/>\n\u2022 <a href=\"#modifiche\">\u00c4nderungen<\/a><a name=\"premessa\"><\/a><\/p>\n<div style=\"text-align: right;\"><a href=\"#\">Auf ^<\/a><\/div>\n<p>\u2022 <span style=\"color: #000;\"><strong>EINLEITUNG<\/strong><\/span><br \/>\nWir informieren Sie dar\u00fcber, dass wir uns gem\u00e4\u00df der EU-Verordnung 2016\/679 (GDPR) zum Schutz Ihrer Privatsph\u00e4re verpflichten. In diesem Dokument beschreiben wir unsere Datenschutzrichtlinie, die angibt, wie Ihre personenbezogenen Daten bei der Nutzung unserer Dienste behandelt werden und welche dies zulassen Geben Sie Ihr Einverst\u00e4ndnis f\u00fcr die Verarbeitung Ihrer PERS\u00d6NLICHEN DATEN, die in den Abschnitten der vorliegenden Site ausgedr\u00fcckt und in Kenntnis gesetzt wurden, in denen die Bereitstellung der PERS\u00d6NLICHEN DATEN verlangt wird.<br \/>\nDie auf der PRESENT SITE angebotenen Inhalte und Dienste werden nur denjenigen zur Verf\u00fcgung gestellt, die dies ausdr\u00fccklich verlangen, und in den verschiedenen Abschnitten dieser Site (wo wir PERSONAL DATA sammeln) werden spezifische Informationen gem\u00e4\u00df Artikel ver\u00f6ffentlicht. 13 der DSGVO zur Einsichtnahme vor der Bereitstellung der angeforderten Daten.<\/p>\n<p>HALTER der Behandlung ist:<br \/>\nCinzia Belliardo (Cavallo Bianco, albergo ristorante pizzeria), info@ilcavallobianco.com<br \/>\nEs wird erkl\u00e4rt, dass der HALTER die DSGVO anwendet und den Schutz von Personen und anderen Personen bei der Verarbeitung von PERS\u00d6NLICHEN DATEN vorsieht. Gem\u00e4\u00df dem Gesetz basiert die Verarbeitung der WEBSITE auf den Prinzipien der Gesetzm\u00e4\u00dfigkeit, der Richtigkeit, der Transparenz, der Zweckbindung und der Aufbewahrung, der Datenminimierung, der Genauigkeit, der Integrit\u00e4t und der Vertraulichkeit.<br \/>\n<a name=\"oggetto-trattamento\"><\/a><\/p>\n<div style=\"text-align: right;\"><a href=\"#\">Auf ^<\/a><\/div>\n<p>\u2022 <span style=\"color: #000;\"><strong>PERS\u00d6NLICHE DATEN UNTER DER BEHANDLUNG<\/strong><\/span><br \/>\nMit &#8220;Verarbeitung von PERS\u00d6NLICHEN DATEN&#8221; ist jede Operation oder Gruppe von Operationen gemeint, die mit oder ohne Hilfe automatisierter Prozesse ausgef\u00fchrt und auf PERS\u00d6NLICHE DATEN oder PERS\u00d6NLICHE DATENS\u00c4TZE angewendet wird, z. die Konservierung, Anpassung oder Modifikation, Extraktion, Konsultation, Verwendung, Kommunikation durch \u00dcbermittlung, Verbreitung oder jede andere Form der Bereitstellung, Vergleich oder Zusammenschaltung, Einschr\u00e4nkung, L\u00f6schung oder Zerst\u00f6rung (Artikel 4.2 der DS-GVO).<\/p>\n<p>Wir informieren Sie, dass das Behandlungsobjekt PERS\u00d6NLICHE DATEN &#8211; auch nach seinen Entscheidungen \u00fcber die Nutzung der Dienste der vorliegenden Site &#8211; durch eine Kennung wie Name, E-Mail-Adresse, Telefonnummer oder andere Identifikationsnummer, Daten gebildet wird in Bezug auf den Standort und andere Daten, die geeignet sind, um es abh\u00e4ngig von der Art der angeforderten Dienste zu identifizieren \/ identifizierbar zu machen (im Folgenden nur &#8220;PERS\u00d6NLICHE DATEN&#8221;). Der EIGENT\u00dcMER erfasst hier keine bestimmten Datenkategorien (Religion, politische Zugeh\u00f6rigkeit, Gesundheitszustand usw.).<\/p>\n<p>Die Kategorien PERS\u00d6NLICHER DATEN, die \u00fcber diese Site verarbeitet werden, sind folgende:<\/p>\n<p>a) Daten, die freiwillig vom Interessenten bereitgestellt werden<br \/>\nb) Navigationsdaten<\/p>\n<p>a) Daten, die freiwillig vom Interessenten bereitgestellt werden<br \/>\nBei der Verwendung bestimmter Bereiche der WEBSITE kann es m\u00f6glich sein, die freiwillig hinterlassenen PERS\u00d6NLICHEN DATEN zu bearbeiten, um kontaktiert zu werden und \/ oder eine Dienstleistung als Gegenleistung zu erhalten, wie: Informationsanfragen, personalisierte Angebote, Aufnahme in den Newsletter, Kauf von Produkten oder Dienstleistungen.<\/p>\n<p>b) Navigationsdaten<br \/>\nDie Computersysteme und Softwareprozeduren, die zum Betreiben der vorliegenden Site verwendet werden, erfassen w\u00e4hrend ihres normalen Betriebs einige PERS\u00d6NLICHE DATEN, deren \u00dcbertragung bei der Verwendung von Internet-Kommunikationsprotokollen implizit ist.<br \/>\nBeim Durchsuchen der WEBSITE werden auch einige Cookies verwendet, auf die Sie im n\u00e4chsten Abschnitt \u00fcber COOKIE POLICY Bezug nehmen k\u00f6nnen.<br \/>\n<a name=\"cookie-policy\"><\/a><\/p>\n<div style=\"text-align: right;\"><a href=\"#\">Auf ^<\/a><\/div>\n<p>\u2022 <span style=\"color: #000;\"><strong>COOKIE-POLITIK<\/strong><\/span><br \/>\n<strong>Was sind cookie<\/strong><br \/>\nCookies (w\u00f6rtlich &#8220;Kekse&#8221;) sind kleine Textdateien, die verschiedene Arten von Informationen \u00fcber den Benutzer speichern, der eine Website besucht, z. B. den Standort, das Ger\u00e4t, von dem aus die Verbindung hergestellt wird (PC, Smartphone, Tablet), den Browser wer verwendet usw.<\/p>\n<p>Genauer gesagt gibt es zwei Kategorien von Cookies:<br \/>\n&#8211; &#8220;Technische&#8221; Cookies, die f\u00fcr den Betrieb und die Nutzung des Webservices unbedingt erforderlich sind, werden verwendet, um Informationen \u00fcber Besuche auf der Website zu sammeln.<br \/>\n&#8211; &#8220;Profiling&#8221; Cookies, die dazu dienen, das Benutzerprofil zu umrei\u00dfen und zielgerichtete Werbung zu versenden. Wir verwenden diese Art von Cookies nicht.<\/p>\n<p><strong>Arten von Site-Cookies<\/strong><br \/>\n&#8211; Alle Cookies, die auf dieser Website verwendet werden, erlauben keine Erfassung von pers\u00f6nlichen Daten des Benutzers und k\u00f6nnen keine anderen Daten von der Festplatte des Benutzers abrufen, Computerviren \u00fcbertragen oder die E-Mail-Adresse des Benutzers abrufen. \u201auser.<br \/>\n&#8211; Beim Surfen auf die WEBSITE werden nur die als &#8220;technisch&#8221; bezeichneten Cookies heruntergeladen, die f\u00fcr die Nutzung der Website erforderlich sind. Insbesondere stimmt der Benutzer der Installation dieser Art von Cookies zu, indem er einfach die Website durchl\u00e4uft, durch Ausw\u00e4hlen eines Links oder eines Links eine Bildlaufaktion auf der Seite selbst.<br \/>\n&#8211; Durch das Durchsuchen der WEBSITE k\u00f6nnen auch Cookies von Drittanbietern heruntergeladen und mit anderen Websites verlinkt werden, die vom Benutzer \u00fcber Links abgerufen werden k\u00f6nnen: Wenn Sie auf der Website navigieren, werden Sie zu Funktionen anderer Websites geleitet, die Cookies und Cookies verwenden f\u00fcr die die entsprechende Richtlinie gilt.<br \/>\n&#8211; Durch das Durchsuchen der WEBSITE werden auch Google Analytics-Cookies ausschlie\u00dflich f\u00fcr statistische Zwecke heruntergeladen. Insbesondere wurde ein Code verwendet, der <a href=\"https:\/\/support.google.com\/analytics\/answer\/2763052?hl=it&amp;ref_topic=2919631\">die Maskierung der IP-Adresse erm\u00f6glicht<\/a> , von der aus der Besucher eine Verbindung herstellt. Die betreffenden Cookies erfassen Informationen in aggregierter Form, um den Zugriff auf die Seiten der Website zu \u00fcberwachen und zu analysieren: Die durch den Cookie erzeugten Informationen \u00fcber die Nutzung der Website werden an Google Inc. \u00fcbermittelt. Weitere Informationen finden Sie in der Datenschutzerkl\u00e4rung von Google Inc.<\/p>\n<p>Durch das Durchsuchen der WEBSITE stimmen Sie der Verwendung von Cookies gem\u00e4\u00df dieser Richtlinie zu. Denken Sie daran, dass Cookies, die auf der Festplatte Ihres Ger\u00e4ts gespeichert sind, jederzeit gel\u00f6scht werden k\u00f6nnen. Wenn Sie der Verwendung von Cookies auf diese Weise nicht zustimmen, k\u00f6nnen Sie unsere Website nicht verwenden oder die Verwendung von Cookies deaktivieren. Befolgen Sie dabei die Anweisungen der einzelnen Browser: Internet Explorer, Chrome, Firefox, Opera, Safari usw. Wir weisen Sie jedoch darauf hin, dass die Einstellung des Browsers, Cookies deaktiviert, die Browser-Erfahrung auf Websites beeintr\u00e4chtigen kann.<br \/>\n<a name=\"finalita-trattamento\"><\/a><\/p>\n<div style=\"text-align: right;\"><a href=\"#\">Auf ^<\/a><\/div>\n<p>\u2022 <span style=\"color: #000;\"><strong>ZWECK DER BEHANDLUNG<\/strong><\/span><br \/>\nDie Verarbeitung, die wir mit Ihrer spezifischen Zustimmung (falls erforderlich) durchf\u00fchren m\u00f6chten, hat folgende Zwecke:<br \/>\n&#8211; Verbessern Sie die Navigation auf der Website: Erm\u00f6glichen Sie das Durchsuchen, Abfragen und Anzeigen von Informationsmaterial auf der DIESEN WEBSITE sowie die Verbesserung des Browsing-Erlebnisses auf der DIESE SEITE.<br \/>\n&#8211; Beantwortung von Informationsanfragen: Beantworten von Informationsanfragen, die wir per E-Mail, Telefon oder \u00fcber ein spezielles Formular erhalten, zu den auf dieser Website vorgeschlagenen Diensten und L\u00f6sungen.<\/p>\n<p>Die Bereitstellung seiner PERS\u00d6NLICHEN DATEN f\u00fcr Zwecke der Verarbeitung zu Zwecken, die auf der Erteilung ihrer Zustimmung beruhen (gem\u00e4\u00df Artikel 6.1 (a) der DSGVO), ist v\u00f6llig freiwillig und hat keine Auswirkungen auf die Nutzung der anderen Dienste dieser Site.<br \/>\n<a name=\"destinatari-dati\"><\/a><\/p>\n<div style=\"text-align: right;\"><a href=\"#\">Auf ^<\/a><\/div>\n<p>\u2022 <span style=\"color: #000;\"><strong>ADRESSE DER PERS\u00d6NLICHEN DATEN<\/strong><\/span><br \/>\nIhre PERS\u00d6NLICHEN DATEN werden m\u00f6glicherweise auf elektronischem Wege mit eingeschr\u00e4nktem Zugang zu Verantwortlichen und vom OWNER autorisierten Personen verarbeitet, die alle IT-Sicherheitsma\u00dfnahmen vorbereitet haben, die zur Minimierung des Risikos einer Verletzung der Privatsph\u00e4re durch Dritte erforderlich sind, und sich darin befinden Jeder Moment ist bereit, die Sicherheitsma\u00dfnahmen zu ergreifen, die sich als unverzichtbar erweisen.<\/p>\n<p>Ihre PERS\u00d6NLICHEN DATEN k\u00f6nnen f\u00fcr die oben aufgef\u00fchrten &#8220;Behandlungszwecke&#8221; mit folgenden Personen geteilt werden:<br \/>\n&#8211; Subjekte, die T\u00e4tigkeiten ausf\u00fchren, die f\u00fcr die vom Eigner angebotenen Dienste erforderlich sind, oder Subjekte, mit denen f\u00fcr die Erbringung von Dienstleistungen Interaktion erforderlich ist, oder die f\u00fcr technische Wartungsarbeiten delegiert werden (einschlie\u00dflich Wartung von Netzwerkausr\u00fcstung und elektronischen Kommunikationsnetzen) .<br \/>\n&#8211; Personen, die vom Eigner zur Verarbeitung von PERS\u00d6NLICHEN DATEN befugt sind und die zur Erbringung von Dienstleistungen erforderlich sind, die strikt mit der Erbringung von Dienstleistungen zusammenh\u00e4ngen, die zur Vertraulichkeit verpflichtet sind oder eine angemessene gesetzliche Geheimhaltungspflicht haben, wie etwa Mitarbeiter des EIGENT\u00dcMERS.<br \/>\n<a name=\"conservazione-dati\"><\/a><\/p>\n<div style=\"text-align: right;\"><a href=\"#\">Auf ^<\/a><\/div>\n<p>\u2022 <span style=\"color: #000;\"><strong>DATENREMANENZ<\/strong><\/span><br \/>\nPersonenbezogenen Daten zu den oben beschriebenen Zwecken behandelt werden f\u00fcr die Zeit gehalten werden, unbedingt erforderlich, die gleichen Zwecke zu erreichen. In jedem Fall Behandlungen f\u00fcr die Erbringung von Dienstleistungen durchgef\u00fchrt wurde, wird der Besitzer PERSONAL behandeln, bis die Zeit nach italienischem Recht gestattet ist, ihre Interessen zu sch\u00fctzen (Art. 2946 Zivilgesetz ff.).<\/p>\n<p>Personenbezogenen Daten zu dem \u201eDuty of law\u201c Zwecke verarbeitet werden, bis die durch die spezifische gesetzliche Verpflichtung oder Vorschriften erforderliche Zeit gehalten werden.<\/p>\n<p>F\u00fcr die Zwecke der \u201eStatistik\u201c seine pers\u00f6nlichen Daten werden stattdessen, bis Sie behandelt werden widerrufen Ihre Zustimmung oder bis zu drei Jahre nach ihrem Kunden HOLDER zu sein oder einfach auf dieser Seite registriert und hat keine Kaufaufgeh\u00f6rt hat Produkte oder Dienstleistungen.<\/p>\n<p>Es ist unbeschadet in jedem Fall die M\u00f6glichkeit des HOLDER seine pers\u00f6nlichen zu halten, bis die Zeit nach italienischem Recht erlaubt, ihre Interessen zu sch\u00fctzen (Art. 2947 (1) (3) des BGB). Weitere Informationen \u00fcber die Datenaufbewahrungszeit und die Kriterien verwendet, diese Frist zu bestimmen, k\u00f6nnen per E-Mail an den Eigent\u00fcmer angefordert werden.<br \/>\n<a name=\"diritti-soggetto\"><\/a><\/p>\n<div style=\"text-align: right;\"><a href=\"#\">Auf ^<\/a><\/div>\n<p>\u2022 <span style=\"color: #000;\"><strong>RECHTS<\/strong><\/span><br \/>\nSie haben das Recht HOLDER zu verlangen, jederzeit Zugriff auf seine personenbezogenen Daten (gem\u00e4\u00df Art. 15 der BIPR), Korrektur (nach Art. 16 der BIPR), R\u00fcckg\u00e4ngigmachung der gleichen (gem\u00e4\u00df Art. 17 BIPR), die Begrenzung der Behandlung (nach Art. 18 von BIPR) oder deren Behandlung zu widersetzen, in den in Artikel 21 des BIPR gesetzt F\u00e4llen sowie in einem strukturierten Format, gemeinsame und lesbar durch automatisches Ger\u00e4t zu verwenden, die Daten zu erhalten, dass die Sorge ( \u201ePortabilit\u00e4t\u201c nach Art. 20 des BIPR).<br \/>\nSie hat auch das Recht, jederzeit Ihre Zustimmung zuvor mit der gleichen Leichtigkeit gegeben zu widerrufen, mit denen wir erhalten haben.<br \/>\nAlle Anfragen k\u00f6nnen durch das Schreiben einer E-Mail an DATA adressiert werden, indem die Adresse am Anfang dieses Dokuments.<br \/>\nIn jedem Fall sind Sie immer berechtigt, eine Beschwerde an die zust\u00e4ndige Aufsichtsbeh\u00f6rde (Beh\u00f6rde f\u00fcr den Schutz personenbezogener Daten), gem\u00e4\u00df Art zu unterbreiten. 77 BIPR, wenn sie der Auffassung ist, dass die Behandlung seiner pers\u00f6nlichen Daten zu den geltenden Rechtsvorschriften entgegensteht.<br \/>\n<a name=\"modifiche\"><\/a><\/p>\n<div style=\"text-align: right;\"><a href=\"#\">Auf ^<\/a><\/div>\n<p>\u2022 <span style=\"color: #000;\"><strong>\u00c4NDERUNGEN<\/strong><\/span><br \/>\nDiese Politik ist mit Wirkung zum 21. Mai 2018. Der Inhaber des Recht vorbeh\u00e4lt, den Inhalt zu \u00e4ndern oder einfach zu aktualisieren, teilweise oder vollst\u00e4ndig, teilweise aufgrund von \u00c4nderungen in den Rechtsvorschriften. Wenn \u00c4nderungen an diese Richtlinie zu wesentlichen Ver\u00e4nderungen bei Behandlungen betreffen, oder noch einen erheblichen Einfluss auf den betroffenen Parteien haben kann, muss der Besitzer darauf achten, um richtig die betroffenen Parteien mitzuteilen.<\/p>\n<div style=\"text-align: right;\"><a href=\"#\">Auf ^<\/a><\/div>\n","protected":false},"excerpt":{"rendered":"<p>KURZE INFORMATIONEN Gem\u00e4\u00df der EU-Verordnung 2016\/679 (GDPR) verpflichten wir uns zum Schutz Ihrer Privatsph\u00e4re bei der Verarbeitung von PERS\u00d6NLICHEN DATEN, die Sie freiwillig f\u00fcr die Beantragung bestimmter Dienstleistungen zur Verf\u00fcgung stellen und \/ oder kontaktiert werden sollen. Diese Website verwendet nur &#8220;technische&#8221; Cookies, die f\u00fcr eine bessere Verwendung durch den Besucher und zum Sammeln anonymer&hellip;&nbsp;<a href=\"https:\/\/ilcavallobianco.com\/new\/de\/datenschutz-und-cookie-richtlinien\/\" rel=\"bookmark\">Leggi tutto &raquo;<span class=\"screen-reader-text\">Datenschutz- und Cookie-Richtlinien<\/span><\/a><\/p>\n","protected":false},"author":1,"featured_media":0,"parent":0,"menu_order":0,"comment_status":"closed","ping_status":"open","template":"","meta":{"neve_meta_sidebar":"","neve_meta_container":"","neve_meta_enable_content_width":"","neve_meta_content_width":0,"neve_meta_title_alignment":"","neve_meta_author_avatar":"","neve_post_elements_order":"","neve_meta_disable_header":"","neve_meta_disable_footer":"","neve_meta_disable_title":"","footnotes":""},"class_list":["post-123","page","type-page","status-publish","hentry"],"yoast_head":"<!-- This site is optimized with the Yoast SEO plugin v27.4 - https:\/\/yoast.com\/product\/yoast-seo-wordpress\/ -->\n<title>Datenschutz- und Cookie-Richtlinien - Cavallo Bianco Dronero (CN)<\/title>\n<meta name=\"robots\" content=\"noindex, nofollow\" \/>\n<meta property=\"og:locale\" content=\"it_IT\" \/>\n<meta property=\"og:type\" content=\"article\" \/>\n<meta property=\"og:title\" content=\"Datenschutz- und Cookie-Richtlinien - Cavallo Bianco Dronero (CN)\" \/>\n<meta property=\"og:description\" content=\"KURZE INFORMATIONEN Gem\u00e4\u00df der EU-Verordnung 2016\/679 (GDPR) verpflichten wir uns zum Schutz Ihrer Privatsph\u00e4re bei der Verarbeitung von PERS\u00d6NLICHEN DATEN, die Sie freiwillig f\u00fcr die Beantragung bestimmter Dienstleistungen zur Verf\u00fcgung stellen und \/ oder kontaktiert werden sollen. Diese Website verwendet nur &#8220;technische&#8221; Cookies, die f\u00fcr eine bessere Verwendung durch den Besucher und zum Sammeln anonymer&hellip;&nbsp;Leggi tutto &raquo;Datenschutz- und Cookie-Richtlinien\" \/>\n<meta property=\"og:url\" content=\"https:\/\/ilcavallobianco.com\/new\/de\/datenschutz-und-cookie-richtlinien\/\" \/>\n<meta property=\"og:site_name\" content=\"Cavallo Bianco Dronero (CN)\" \/>\n<meta property=\"article:publisher\" content=\"https:\/\/www.facebook.com\/pages\/Ristorante-Cavallo-Bianco-Di-Dronero\/131518253600511\" \/>\n<meta property=\"article:modified_time\" content=\"2025-02-12T22:31:47+00:00\" \/>\n<meta property=\"og:image\" content=\"https:\/\/ilcavallobianco.com\/new\/images\/2025\/02\/casa.jpg\" \/>\n\t<meta property=\"og:image:width\" content=\"667\" \/>\n\t<meta property=\"og:image:height\" content=\"500\" \/>\n\t<meta property=\"og:image:type\" content=\"image\/jpeg\" \/>\n<meta name=\"twitter:card\" content=\"summary_large_image\" \/>\n<meta name=\"twitter:label1\" content=\"Tempo di lettura stimato\" \/>\n\t<meta name=\"twitter:data1\" content=\"10 minuti\" \/>\n<script type=\"application\/ld+json\" class=\"yoast-schema-graph\">{\"@context\":\"https:\\\/\\\/schema.org\",\"@graph\":[{\"@type\":\"WebPage\",\"@id\":\"https:\\\/\\\/ilcavallobianco.com\\\/new\\\/de\\\/datenschutz-und-cookie-richtlinien\\\/\",\"url\":\"https:\\\/\\\/ilcavallobianco.com\\\/new\\\/de\\\/datenschutz-und-cookie-richtlinien\\\/\",\"name\":\"Datenschutz- und Cookie-Richtlinien - Cavallo Bianco Dronero (CN)\",\"isPartOf\":{\"@id\":\"https:\\\/\\\/ilcavallobianco.com\\\/new\\\/#website\"},\"datePublished\":\"2025-02-12T22:31:46+00:00\",\"dateModified\":\"2025-02-12T22:31:47+00:00\",\"breadcrumb\":{\"@id\":\"https:\\\/\\\/ilcavallobianco.com\\\/new\\\/de\\\/datenschutz-und-cookie-richtlinien\\\/#breadcrumb\"},\"inLanguage\":\"it-IT\",\"potentialAction\":[{\"@type\":\"ReadAction\",\"target\":[\"https:\\\/\\\/ilcavallobianco.com\\\/new\\\/de\\\/datenschutz-und-cookie-richtlinien\\\/\"]}]},{\"@type\":\"BreadcrumbList\",\"@id\":\"https:\\\/\\\/ilcavallobianco.com\\\/new\\\/de\\\/datenschutz-und-cookie-richtlinien\\\/#breadcrumb\",\"itemListElement\":[{\"@type\":\"ListItem\",\"position\":1,\"name\":\"Home\",\"item\":\"https:\\\/\\\/ilcavallobianco.com\\\/new\\\/\"},{\"@type\":\"ListItem\",\"position\":2,\"name\":\"Datenschutz- und Cookie-Richtlinien\"}]},{\"@type\":\"WebSite\",\"@id\":\"https:\\\/\\\/ilcavallobianco.com\\\/new\\\/#website\",\"url\":\"https:\\\/\\\/ilcavallobianco.com\\\/new\\\/\",\"name\":\"Cavallo Bianco Dronero (CN)\",\"description\":\"Albergo Ristorante Pizzeria a Dronero (CN)\",\"publisher\":{\"@id\":\"https:\\\/\\\/ilcavallobianco.com\\\/new\\\/#organization\"},\"potentialAction\":[{\"@type\":\"SearchAction\",\"target\":{\"@type\":\"EntryPoint\",\"urlTemplate\":\"https:\\\/\\\/ilcavallobianco.com\\\/new\\\/?s={search_term_string}\"},\"query-input\":{\"@type\":\"PropertyValueSpecification\",\"valueRequired\":true,\"valueName\":\"search_term_string\"}}],\"inLanguage\":\"it-IT\"},{\"@type\":\"Organization\",\"@id\":\"https:\\\/\\\/ilcavallobianco.com\\\/new\\\/#organization\",\"name\":\"Cavallo Bianco Dronero (CN)\",\"url\":\"https:\\\/\\\/ilcavallobianco.com\\\/new\\\/\",\"logo\":{\"@type\":\"ImageObject\",\"inLanguage\":\"it-IT\",\"@id\":\"https:\\\/\\\/ilcavallobianco.com\\\/new\\\/#\\\/schema\\\/logo\\\/image\\\/\",\"url\":\"http:\\\/\\\/ilcavallobianco.com\\\/new\\\/images\\\/2025\\\/02\\\/logo_cabia.png\",\"contentUrl\":\"http:\\\/\\\/ilcavallobianco.com\\\/new\\\/images\\\/2025\\\/02\\\/logo_cabia.png\",\"width\":95,\"height\":95,\"caption\":\"Cavallo Bianco Dronero (CN)\"},\"image\":{\"@id\":\"https:\\\/\\\/ilcavallobianco.com\\\/new\\\/#\\\/schema\\\/logo\\\/image\\\/\"},\"sameAs\":[\"https:\\\/\\\/www.facebook.com\\\/pages\\\/Ristorante-Cavallo-Bianco-Di-Dronero\\\/131518253600511\"]}]}<\/script>\n<!-- \/ Yoast SEO plugin. -->","yoast_head_json":{"title":"Datenschutz- und Cookie-Richtlinien - Cavallo Bianco Dronero (CN)","robots":{"index":"noindex","follow":"nofollow"},"og_locale":"it_IT","og_type":"article","og_title":"Datenschutz- und Cookie-Richtlinien - Cavallo Bianco Dronero (CN)","og_description":"KURZE INFORMATIONEN Gem\u00e4\u00df der EU-Verordnung 2016\/679 (GDPR) verpflichten wir uns zum Schutz Ihrer Privatsph\u00e4re bei der Verarbeitung von PERS\u00d6NLICHEN DATEN, die Sie freiwillig f\u00fcr die Beantragung bestimmter Dienstleistungen zur Verf\u00fcgung stellen und \/ oder kontaktiert werden sollen. Diese Website verwendet nur &#8220;technische&#8221; Cookies, die f\u00fcr eine bessere Verwendung durch den Besucher und zum Sammeln anonymer&hellip;&nbsp;Leggi tutto &raquo;Datenschutz- und Cookie-Richtlinien","og_url":"https:\/\/ilcavallobianco.com\/new\/de\/datenschutz-und-cookie-richtlinien\/","og_site_name":"Cavallo Bianco Dronero (CN)","article_publisher":"https:\/\/www.facebook.com\/pages\/Ristorante-Cavallo-Bianco-Di-Dronero\/131518253600511","article_modified_time":"2025-02-12T22:31:47+00:00","og_image":[{"width":667,"height":500,"url":"https:\/\/ilcavallobianco.com\/new\/images\/2025\/02\/casa.jpg","type":"image\/jpeg"}],"twitter_card":"summary_large_image","twitter_misc":{"Tempo di lettura stimato":"10 minuti"},"schema":{"@context":"https:\/\/schema.org","@graph":[{"@type":"WebPage","@id":"https:\/\/ilcavallobianco.com\/new\/de\/datenschutz-und-cookie-richtlinien\/","url":"https:\/\/ilcavallobianco.com\/new\/de\/datenschutz-und-cookie-richtlinien\/","name":"Datenschutz- und Cookie-Richtlinien - Cavallo Bianco Dronero (CN)","isPartOf":{"@id":"https:\/\/ilcavallobianco.com\/new\/#website"},"datePublished":"2025-02-12T22:31:46+00:00","dateModified":"2025-02-12T22:31:47+00:00","breadcrumb":{"@id":"https:\/\/ilcavallobianco.com\/new\/de\/datenschutz-und-cookie-richtlinien\/#breadcrumb"},"inLanguage":"it-IT","potentialAction":[{"@type":"ReadAction","target":["https:\/\/ilcavallobianco.com\/new\/de\/datenschutz-und-cookie-richtlinien\/"]}]},{"@type":"BreadcrumbList","@id":"https:\/\/ilcavallobianco.com\/new\/de\/datenschutz-und-cookie-richtlinien\/#breadcrumb","itemListElement":[{"@type":"ListItem","position":1,"name":"Home","item":"https:\/\/ilcavallobianco.com\/new\/"},{"@type":"ListItem","position":2,"name":"Datenschutz- und Cookie-Richtlinien"}]},{"@type":"WebSite","@id":"https:\/\/ilcavallobianco.com\/new\/#website","url":"https:\/\/ilcavallobianco.com\/new\/","name":"Cavallo Bianco Dronero (CN)","description":"Albergo Ristorante Pizzeria a Dronero (CN)","publisher":{"@id":"https:\/\/ilcavallobianco.com\/new\/#organization"},"potentialAction":[{"@type":"SearchAction","target":{"@type":"EntryPoint","urlTemplate":"https:\/\/ilcavallobianco.com\/new\/?s={search_term_string}"},"query-input":{"@type":"PropertyValueSpecification","valueRequired":true,"valueName":"search_term_string"}}],"inLanguage":"it-IT"},{"@type":"Organization","@id":"https:\/\/ilcavallobianco.com\/new\/#organization","name":"Cavallo Bianco Dronero (CN)","url":"https:\/\/ilcavallobianco.com\/new\/","logo":{"@type":"ImageObject","inLanguage":"it-IT","@id":"https:\/\/ilcavallobianco.com\/new\/#\/schema\/logo\/image\/","url":"http:\/\/ilcavallobianco.com\/new\/images\/2025\/02\/logo_cabia.png","contentUrl":"http:\/\/ilcavallobianco.com\/new\/images\/2025\/02\/logo_cabia.png","width":95,"height":95,"caption":"Cavallo Bianco Dronero (CN)"},"image":{"@id":"https:\/\/ilcavallobianco.com\/new\/#\/schema\/logo\/image\/"},"sameAs":["https:\/\/www.facebook.com\/pages\/Ristorante-Cavallo-Bianco-Di-Dronero\/131518253600511"]}]}},"_links":{"self":[{"href":"https:\/\/ilcavallobianco.com\/new\/wp-json\/wp\/v2\/pages\/123","targetHints":{"allow":["GET"]}}],"collection":[{"href":"https:\/\/ilcavallobianco.com\/new\/wp-json\/wp\/v2\/pages"}],"about":[{"href":"https:\/\/ilcavallobianco.com\/new\/wp-json\/wp\/v2\/types\/page"}],"author":[{"embeddable":true,"href":"https:\/\/ilcavallobianco.com\/new\/wp-json\/wp\/v2\/users\/1"}],"replies":[{"embeddable":true,"href":"https:\/\/ilcavallobianco.com\/new\/wp-json\/wp\/v2\/comments?post=123"}],"version-history":[{"count":0,"href":"https:\/\/ilcavallobianco.com\/new\/wp-json\/wp\/v2\/pages\/123\/revisions"}],"wp:attachment":[{"href":"https:\/\/ilcavallobianco.com\/new\/wp-json\/wp\/v2\/media?parent=123"}],"curies":[{"name":"wp","href":"https:\/\/api.w.org\/{rel}","templated":true}]}}